{"id":9,"date":"2024-03-26T19:13:47","date_gmt":"2024-03-26T18:13:47","guid":{"rendered":"https:\/\/compagnielaforetdor.fr\/?page_id=9"},"modified":"2024-09-07T20:45:03","modified_gmt":"2024-09-07T18:45:03","slug":"accueil","status":"publish","type":"page","link":"https:\/\/compagnielaforetdor.fr\/","title":{"rendered":"Accueil"},"content":{"rendered":"\n<div class=\"wp-block-cover alignfull is-light\" style=\"min-height:861px;aspect-ratio:unset;\"><span aria-hidden=\"true\" class=\"wp-block-cover__background has-nv-light-bg-background-color has-background-dim-100 has-background-dim\"><\/span><div class=\"wp-block-cover__inner-container is-layout-flow wp-block-cover-is-layout-flow\">\n<div class=\"wp-block-group\"><div class=\"wp-block-group__inner-container is-layout-flow wp-block-group-is-layout-flow\">\n<div style=\"height:50px\" aria-hidden=\"true\" class=\"wp-block-spacer\"><\/div>\n\n\n\n<div class=\"wp-block-columns are-vertically-aligned-center is-layout-flex wp-container-core-columns-is-layout-9d6595d7 wp-block-columns-is-layout-flex\">\n<div class=\"wp-block-column is-vertically-aligned-center is-layout-flow wp-block-column-is-layout-flow\" style=\"flex-basis:50%\">\n<h2 class=\"wp-block-heading has-text-align-left has-neve-text-color-color has-text-color\">LA COMPAGNIE<\/h2>\n\n\n\n<p class=\"has-text-align-left has-neve-text-color-color has-text-color\" style=\"font-size:17px\">La compagnie <strong>La For\u00eat D\u2019Or<\/strong> est n\u00e9e en <strong>janvier 2023<\/strong> gr\u00e2ce \u00e0 des amiti\u00e9s sur lesquelles personne n\u2019aurait pari\u00e9.<\/p>\n\n\n\n<p>L\u2019\u00e9quipe artistique s\u2019est rencontr\u00e9e en juin 2022 autour du travail de fin d\u2019\u00e9tude de Th\u00e9odore Martin, au Cours Florent Montpellier. <strong>Th\u00e9odore ou R\u00eave<\/strong> \u00e9tait le premier spectacle de la compagnie, avant m\u00eame qu\u2019elle ne soit cr\u00e9\u00e9e.<br>&#8230;<\/p>\n\n\n\n<div class=\"wp-block-buttons is-content-justification-left is-layout-flex wp-container-core-buttons-is-layout-fdcfc74e wp-block-buttons-is-layout-flex\">\n<div class=\"wp-block-button is-style-primary\"><a class=\"wp-block-button__link wp-element-button\" href=\"https:\/\/compagnielaforetdor.fr\/index.php\/accueil\/la-compagnie\/\">EN SAVOIR PLUS<\/a><\/div>\n<\/div>\n<\/div>\n\n\n\n<div class=\"wp-block-column is-layout-flow wp-block-column-is-layout-flow\" style=\"flex-basis:50%\">\n<figure class=\"wp-block-image size-full\"><img loading=\"lazy\" decoding=\"async\" width=\"760\" height=\"760\" src=\"https:\/\/compagnielaforetdor.fr\/wp-content\/uploads\/2024\/06\/1-LOGO_OK.png\" alt=\"Compagnie La For\u00eat D'Or Logo\" class=\"wp-image-226\" srcset=\"https:\/\/compagnielaforetdor.fr\/wp-content\/uploads\/2024\/06\/1-LOGO_OK.png 760w, https:\/\/compagnielaforetdor.fr\/wp-content\/uploads\/2024\/06\/1-LOGO_OK-300x300.png 300w, https:\/\/compagnielaforetdor.fr\/wp-content\/uploads\/2024\/06\/1-LOGO_OK-150x150.png 150w\" sizes=\"auto, (max-width: 760px) 100vw, 760px\" \/><\/figure>\n<\/div>\n<\/div>\n\n\n\n<div style=\"height:50px\" aria-hidden=\"true\" class=\"wp-block-spacer\"><\/div>\n<\/div><\/div>\n<\/div><\/div>\n\n\n\n<div style=\"height:50px\" aria-hidden=\"true\" class=\"wp-block-spacer\"><\/div>\n\n\n\n<div class=\"wp-block-cover alignfull is-light\" style=\"min-height:837px;aspect-ratio:unset;\"><span aria-hidden=\"true\" class=\"wp-block-cover__background has-nv-site-bg-background-color has-background-dim-100 has-background-dim\"><\/span><div class=\"wp-block-cover__inner-container is-layout-flow wp-block-cover-is-layout-flow\">\n<div class=\"wp-block-group\"><div class=\"wp-block-group__inner-container is-layout-flow wp-block-group-is-layout-flow\">\n<div class=\"wp-block-columns are-vertically-aligned-center is-layout-flex wp-container-core-columns-is-layout-9d6595d7 wp-block-columns-is-layout-flex\">\n<div class=\"wp-block-column is-vertically-aligned-center is-layout-flow wp-block-column-is-layout-flow\" style=\"flex-basis:50%\">\n<h2 class=\"wp-block-heading has-text-align-left has-neve-text-color-color has-text-color\">NOS SPECTACLES <\/h2>\n\n\n\n<p class=\"has-text-align-left has-neve-text-color-color has-text-color\" style=\"font-size:17px\">La compagnie travaille sur des pi\u00e8ces jeunesse, tout public et adultes. La Flamme Dans La Montagne de Lucie JUGEL\u00c9 (tout public \u00e0 partir de 6 ans) pr\u00eate \u00e0 tourner. Th\u00e9odore ou R\u00eave, mise en sc\u00e8ne par Lucie JUGEL\u00c9 est en recherche de r\u00e9sidence. Jeu, Swipe et Match de Lucie JUGEL\u00c9 (\u00e0 partir de 16 ans) est en d\u00e9but de cr\u00e9ation, et beaucoup d&rsquo;autres sont \u00e0 venir.<\/p>\n\n\n\n<div class=\"wp-block-buttons is-content-justification-left is-layout-flex wp-container-core-buttons-is-layout-fdcfc74e wp-block-buttons-is-layout-flex\">\n<div class=\"wp-block-button is-style-primary\"><a class=\"wp-block-button__link wp-element-button\" href=\"https:\/\/compagnielaforetdor.fr\/index.php\/accueil\/nos-spectacles\/\">EN SAVOIR PLUS<\/a><\/div>\n<\/div>\n\n\n\n<div class=\"wp-block-group\"><div class=\"wp-block-group__inner-container is-layout-constrained wp-block-group-is-layout-constrained\">\n<div style=\"height:30px\" aria-hidden=\"true\" class=\"wp-block-spacer\"><\/div>\n<\/div><\/div>\n<\/div>\n\n\n\n<div class=\"wp-block-column is-vertically-aligned-center is-layout-flow wp-block-column-is-layout-flow\" style=\"flex-basis:50%\">\n<figure class=\"wp-block-image size-large\"><img loading=\"lazy\" decoding=\"async\" width=\"1024\" height=\"1024\" src=\"https:\/\/compagnielaforetdor.fr\/wp-content\/uploads\/2024\/03\/PostInsta_LaFlamme-1024x1024.png\" alt=\"\" class=\"wp-image-63\" srcset=\"https:\/\/compagnielaforetdor.fr\/wp-content\/uploads\/2024\/03\/PostInsta_LaFlamme-1024x1024.png 1024w, https:\/\/compagnielaforetdor.fr\/wp-content\/uploads\/2024\/03\/PostInsta_LaFlamme-300x300.png 300w, https:\/\/compagnielaforetdor.fr\/wp-content\/uploads\/2024\/03\/PostInsta_LaFlamme-150x150.png 150w, https:\/\/compagnielaforetdor.fr\/wp-content\/uploads\/2024\/03\/PostInsta_LaFlamme-768x768.png 768w, https:\/\/compagnielaforetdor.fr\/wp-content\/uploads\/2024\/03\/PostInsta_LaFlamme.png 1080w\" sizes=\"auto, (max-width: 1024px) 100vw, 1024px\" \/><\/figure>\n\n\n\n<div style=\"height:30px\" aria-hidden=\"true\" class=\"wp-block-spacer\"><\/div>\n<\/div>\n<\/div>\n<\/div><\/div>\n\n\n\n<div style=\"height:50px\" aria-hidden=\"true\" class=\"wp-block-spacer\"><\/div>\n<\/div><\/div>\n\n\n\n<div class=\"wp-block-cover alignfull is-light\" style=\"min-height:838px;aspect-ratio:unset;\"><span aria-hidden=\"true\" class=\"wp-block-cover__background has-nv-dark-bg-background-color has-background-dim-100 has-background-dim\"><\/span><div class=\"wp-block-cover__inner-container is-layout-flow wp-block-cover-is-layout-flow\">\n<div class=\"wp-block-columns is-layout-flex wp-container-core-columns-is-layout-9d6595d7 wp-block-columns-is-layout-flex\">\n<div class=\"wp-block-column is-layout-flow wp-block-column-is-layout-flow\" style=\"flex-basis:100%\">\n<div style=\"height:50px\" aria-hidden=\"true\" class=\"wp-block-spacer\"><\/div>\n\n\n\n<div class=\"wp-block-group\"><div class=\"wp-block-group__inner-container is-layout-constrained wp-block-group-is-layout-constrained\">\n<div class=\"wp-block-columns is-layout-flex wp-container-core-columns-is-layout-9d6595d7 wp-block-columns-is-layout-flex\">\n<div class=\"wp-block-column is-vertically-aligned-stretch is-layout-flow wp-block-column-is-layout-flow\" style=\"flex-basis:50%\"><div class=\"wp-block-image\">\n<figure class=\"aligncenter size-large\"><img loading=\"lazy\" decoding=\"async\" width=\"1024\" height=\"724\" src=\"http:\/\/compagnielaforetdor.fr\/wp-content\/uploads\/2024\/09\/A2_Entre-en-Jeu-1024x724.png\" alt=\"\" class=\"wp-image-396\" srcset=\"https:\/\/compagnielaforetdor.fr\/wp-content\/uploads\/2024\/09\/A2_Entre-en-Jeu-1024x724.png 1024w, https:\/\/compagnielaforetdor.fr\/wp-content\/uploads\/2024\/09\/A2_Entre-en-Jeu-300x212.png 300w, https:\/\/compagnielaforetdor.fr\/wp-content\/uploads\/2024\/09\/A2_Entre-en-Jeu-768x543.png 768w, https:\/\/compagnielaforetdor.fr\/wp-content\/uploads\/2024\/09\/A2_Entre-en-Jeu-1536x1086.png 1536w, https:\/\/compagnielaforetdor.fr\/wp-content\/uploads\/2024\/09\/A2_Entre-en-Jeu-2048x1448.png 2048w\" sizes=\"auto, (max-width: 1024px) 100vw, 1024px\" \/><\/figure>\n<\/div><\/div>\n\n\n\n<div class=\"wp-block-column is-layout-flow wp-block-column-is-layout-flow\" style=\"flex-basis:50%\">\n<p><\/p>\n\n\n\n<h2 class=\"wp-block-heading has-text-align-left has-nv-text-dark-bg-color has-text-color\">ENTRE EN JEU <\/h2>\n\n\n\n<p class=\"has-text-align-left has-nv-text-dark-bg-color has-text-color\" style=\"font-size:17px\">\u00ab\u00a0Entre en jeu\u00a0\u00bb est l&rsquo;endroit o\u00f9 vous devenez com\u00e9diens. Tous les mercredis pour les enfants, pr\u00e9-ados et ados et tous les mardis pour les adultes, vous travaillerez sur la mise en place de deux spectacles de th\u00e9\u00e2tre et serez dirig\u00e9s par notre metteur en sc\u00e8ne Lucie JUGEL\u00c9 et notre com\u00e9dien Asl\u00e2n GUIASSA.<\/p>\n\n\n\n<div class=\"wp-block-buttons is-content-justification-left is-layout-flex wp-container-core-buttons-is-layout-fdcfc74e wp-block-buttons-is-layout-flex\">\n<div class=\"wp-block-button is-style-primary\"><a class=\"wp-block-button__link wp-element-button\" href=\"https:\/\/compagnielaforetdor.fr\/index.php\/accueil\/entre-en-jeu\/\">EN SAVOIR PLUS<\/a><\/div>\n<\/div>\n<\/div>\n<\/div>\n<\/div><\/div>\n<\/div>\n<\/div>\n<\/div><\/div>\n\n\n\n<div class=\"wp-block-cover alignfull\" style=\"min-height:869px;aspect-ratio:unset;\"><span aria-hidden=\"true\" class=\"wp-block-cover__background has-nv-site-bg-background-color has-background-dim-100 has-background-dim\"><\/span><div class=\"wp-block-cover__inner-container is-layout-flow wp-block-cover-is-layout-flow\">\n<div style=\"height:50px\" aria-hidden=\"true\" class=\"wp-block-spacer\"><\/div>\n\n\n\n<div class=\"wp-block-group\"><div class=\"wp-block-group__inner-container is-layout-flow wp-block-group-is-layout-flow\">\n<div class=\"wp-block-columns are-vertically-aligned-center is-layout-flex wp-container-core-columns-is-layout-9d6595d7 wp-block-columns-is-layout-flex\">\n<div class=\"wp-block-column is-vertically-aligned-center is-layout-flow wp-block-column-is-layout-flow\" style=\"flex-basis:50%\">\n<h2 class=\"wp-block-heading has-text-align-left has-neve-text-color-color has-text-color\">NOS STAGES<\/h2>\n\n\n\n<p class=\"has-text-align-left has-neve-text-color-color has-text-color\" style=\"font-size:17px\">Venez vous essayer, vous ressayer ou vous perfectionner dans nos stages de Th\u00e9\u00e2tre et\/ou de danse contemporaine. Cette \u00e9t\u00e9 2024, trois dates \u00e0 retenir ! <\/p>\n\n\n\n<div class=\"wp-block-buttons is-content-justification-left is-layout-flex wp-container-core-buttons-is-layout-fdcfc74e wp-block-buttons-is-layout-flex\">\n<div class=\"wp-block-button is-style-primary\"><a class=\"wp-block-button__link wp-element-button\" href=\"https:\/\/compagnielaforetdor.fr\/index.php\/accueil\/nos-stages\/\">EN SAVOIR PLUS<\/a><\/div>\n<\/div>\n<\/div>\n\n\n\n<div class=\"wp-block-column is-vertically-aligned-center is-layout-flow wp-block-column-is-layout-flow\" style=\"flex-basis:50%\">\n<figure class=\"wp-block-image size-large\"><img loading=\"lazy\" decoding=\"async\" width=\"724\" height=\"1024\" src=\"https:\/\/compagnielaforetdor.fr\/wp-content\/uploads\/2024\/06\/StageEte2024-724x1024.png\" alt=\"\" class=\"wp-image-130\" style=\"aspect-ratio:4\/3;object-fit:cover\" srcset=\"https:\/\/compagnielaforetdor.fr\/wp-content\/uploads\/2024\/06\/StageEte2024-724x1024.png 724w, https:\/\/compagnielaforetdor.fr\/wp-content\/uploads\/2024\/06\/StageEte2024-212x300.png 212w, https:\/\/compagnielaforetdor.fr\/wp-content\/uploads\/2024\/06\/StageEte2024-768x1086.png 768w, https:\/\/compagnielaforetdor.fr\/wp-content\/uploads\/2024\/06\/StageEte2024-1086x1536.png 1086w, https:\/\/compagnielaforetdor.fr\/wp-content\/uploads\/2024\/06\/StageEte2024.png 1414w\" sizes=\"auto, (max-width: 724px) 100vw, 724px\" \/><\/figure>\n<\/div>\n<\/div>\n<\/div><\/div>\n\n\n\n<div style=\"height:50px\" aria-hidden=\"true\" class=\"wp-block-spacer\"><\/div>\n<\/div><\/div>\n\n\n\n<div class=\"wp-block-cover alignfull\" style=\"padding-top:0;padding-right:0;padding-bottom:0;padding-left:0;min-height:1281px;aspect-ratio:unset;\"><span aria-hidden=\"true\" class=\"wp-block-cover__background has-nv-light-bg-background-color has-background-dim-100 has-background-dim\"><\/span><div class=\"wp-block-cover__inner-container is-layout-flow wp-block-cover-is-layout-flow\">\n<div class=\"wp-block-group\"><div class=\"wp-block-group__inner-container is-layout-flow wp-block-group-is-layout-flow\">\n<div class=\"wp-block-columns are-vertically-aligned-center is-layout-flex wp-container-core-columns-is-layout-9d6595d7 wp-block-columns-is-layout-flex\">\n<div class=\"wp-block-column is-layout-flow wp-block-column-is-layout-flow\">\n<div style=\"height:50px\" aria-hidden=\"true\" class=\"wp-block-spacer\"><\/div>\n\n\n\n<h2 class=\"wp-block-heading has-text-align-right has-neve-text-color-color has-text-color\">GALERIE<\/h2>\n\n\n\n<div style=\"height:20px\" aria-hidden=\"true\" class=\"wp-block-spacer\"><\/div>\n\n\n\n<figure class=\"wp-block-gallery has-nested-images columns-default is-cropped wp-block-gallery-2 is-layout-flex wp-block-gallery-is-layout-flex\">\n<figure class=\"wp-block-image size-medium is-style-default wp-duotone-unset-1\"><img loading=\"lazy\" decoding=\"async\" width=\"300\" height=\"212\" data-id=\"396\" src=\"http:\/\/compagnielaforetdor.fr\/wp-content\/uploads\/2024\/09\/A2_Entre-en-Jeu-300x212.png\" alt=\"\" class=\"wp-image-396\" srcset=\"https:\/\/compagnielaforetdor.fr\/wp-content\/uploads\/2024\/09\/A2_Entre-en-Jeu-300x212.png 300w, https:\/\/compagnielaforetdor.fr\/wp-content\/uploads\/2024\/09\/A2_Entre-en-Jeu-1024x724.png 1024w, https:\/\/compagnielaforetdor.fr\/wp-content\/uploads\/2024\/09\/A2_Entre-en-Jeu-768x543.png 768w, https:\/\/compagnielaforetdor.fr\/wp-content\/uploads\/2024\/09\/A2_Entre-en-Jeu-1536x1086.png 1536w, https:\/\/compagnielaforetdor.fr\/wp-content\/uploads\/2024\/09\/A2_Entre-en-Jeu-2048x1448.png 2048w\" sizes=\"auto, (max-width: 300px) 100vw, 300px\" \/><\/figure>\n\n\n\n<figure class=\"wp-block-image size-medium is-style-default\"><img loading=\"lazy\" decoding=\"async\" width=\"300\" height=\"168\" data-id=\"370\" src=\"http:\/\/compagnielaforetdor.fr\/wp-content\/uploads\/2024\/09\/Capture-decran-2024-08-26-a-22.10.26-300x168.png\" alt=\"\" class=\"wp-image-370\" srcset=\"https:\/\/compagnielaforetdor.fr\/wp-content\/uploads\/2024\/09\/Capture-decran-2024-08-26-a-22.10.26-300x168.png 300w, https:\/\/compagnielaforetdor.fr\/wp-content\/uploads\/2024\/09\/Capture-decran-2024-08-26-a-22.10.26-1024x574.png 1024w, https:\/\/compagnielaforetdor.fr\/wp-content\/uploads\/2024\/09\/Capture-decran-2024-08-26-a-22.10.26-768x431.png 768w, https:\/\/compagnielaforetdor.fr\/wp-content\/uploads\/2024\/09\/Capture-decran-2024-08-26-a-22.10.26-1536x861.png 1536w, https:\/\/compagnielaforetdor.fr\/wp-content\/uploads\/2024\/09\/Capture-decran-2024-08-26-a-22.10.26.png 1878w\" sizes=\"auto, (max-width: 300px) 100vw, 300px\" \/><\/figure>\n\n\n\n<figure class=\"wp-block-image size-medium is-style-default\"><img loading=\"lazy\" decoding=\"async\" width=\"300\" height=\"169\" data-id=\"367\" src=\"http:\/\/compagnielaforetdor.fr\/wp-content\/uploads\/2024\/09\/Capture-decran-2024-08-26-a-22.01.30-300x169.png\" alt=\"\" class=\"wp-image-367\" srcset=\"https:\/\/compagnielaforetdor.fr\/wp-content\/uploads\/2024\/09\/Capture-decran-2024-08-26-a-22.01.30-300x169.png 300w, https:\/\/compagnielaforetdor.fr\/wp-content\/uploads\/2024\/09\/Capture-decran-2024-08-26-a-22.01.30-1024x576.png 1024w, https:\/\/compagnielaforetdor.fr\/wp-content\/uploads\/2024\/09\/Capture-decran-2024-08-26-a-22.01.30-768x432.png 768w, https:\/\/compagnielaforetdor.fr\/wp-content\/uploads\/2024\/09\/Capture-decran-2024-08-26-a-22.01.30-1536x864.png 1536w, https:\/\/compagnielaforetdor.fr\/wp-content\/uploads\/2024\/09\/Capture-decran-2024-08-26-a-22.01.30.png 1878w\" sizes=\"auto, (max-width: 300px) 100vw, 300px\" \/><\/figure>\n<\/figure>\n\n\n\n<div style=\"height:20px\" aria-hidden=\"true\" class=\"wp-block-spacer\"><\/div>\n\n\n\n<div style=\"height:20px\" aria-hidden=\"true\" class=\"wp-block-spacer\"><\/div>\n\n\n\n<figure class=\"wp-block-gallery has-nested-images columns-default is-cropped wp-block-gallery-3 is-layout-flex wp-block-gallery-is-layout-flex\">\n<figure class=\"wp-block-image size-medium is-style-default\"><img loading=\"lazy\" decoding=\"async\" width=\"300\" height=\"168\" data-id=\"375\" src=\"http:\/\/compagnielaforetdor.fr\/wp-content\/uploads\/2024\/09\/Capture-decran-2024-08-26-a-21.57.01-300x168.png\" alt=\"\" class=\"wp-image-375\" srcset=\"https:\/\/compagnielaforetdor.fr\/wp-content\/uploads\/2024\/09\/Capture-decran-2024-08-26-a-21.57.01-300x168.png 300w, https:\/\/compagnielaforetdor.fr\/wp-content\/uploads\/2024\/09\/Capture-decran-2024-08-26-a-21.57.01-1024x574.png 1024w, https:\/\/compagnielaforetdor.fr\/wp-content\/uploads\/2024\/09\/Capture-decran-2024-08-26-a-21.57.01-768x431.png 768w, https:\/\/compagnielaforetdor.fr\/wp-content\/uploads\/2024\/09\/Capture-decran-2024-08-26-a-21.57.01-1536x861.png 1536w, https:\/\/compagnielaforetdor.fr\/wp-content\/uploads\/2024\/09\/Capture-decran-2024-08-26-a-21.57.01.png 1878w\" sizes=\"auto, (max-width: 300px) 100vw, 300px\" \/><\/figure>\n\n\n\n<figure class=\"wp-block-image size-medium is-style-default\"><img loading=\"lazy\" decoding=\"async\" width=\"300\" height=\"168\" data-id=\"363\" src=\"http:\/\/compagnielaforetdor.fr\/wp-content\/uploads\/2024\/09\/Capture-decran-2024-08-26-a-22.07.26-300x168.png\" alt=\"\" class=\"wp-image-363\" srcset=\"https:\/\/compagnielaforetdor.fr\/wp-content\/uploads\/2024\/09\/Capture-decran-2024-08-26-a-22.07.26-300x168.png 300w, https:\/\/compagnielaforetdor.fr\/wp-content\/uploads\/2024\/09\/Capture-decran-2024-08-26-a-22.07.26-1024x574.png 1024w, https:\/\/compagnielaforetdor.fr\/wp-content\/uploads\/2024\/09\/Capture-decran-2024-08-26-a-22.07.26-768x430.png 768w, https:\/\/compagnielaforetdor.fr\/wp-content\/uploads\/2024\/09\/Capture-decran-2024-08-26-a-22.07.26-1536x861.png 1536w, https:\/\/compagnielaforetdor.fr\/wp-content\/uploads\/2024\/09\/Capture-decran-2024-08-26-a-22.07.26.png 1884w\" sizes=\"auto, (max-width: 300px) 100vw, 300px\" \/><\/figure>\n\n\n\n<figure class=\"wp-block-image size-medium is-style-default\"><img loading=\"lazy\" decoding=\"async\" width=\"300\" height=\"168\" data-id=\"359\" src=\"http:\/\/compagnielaforetdor.fr\/wp-content\/uploads\/2024\/09\/Capture-decran-2024-08-26-a-22.05.09-300x168.png\" alt=\"\" class=\"wp-image-359\" srcset=\"https:\/\/compagnielaforetdor.fr\/wp-content\/uploads\/2024\/09\/Capture-decran-2024-08-26-a-22.05.09-300x168.png 300w, https:\/\/compagnielaforetdor.fr\/wp-content\/uploads\/2024\/09\/Capture-decran-2024-08-26-a-22.05.09-1024x575.png 1024w, https:\/\/compagnielaforetdor.fr\/wp-content\/uploads\/2024\/09\/Capture-decran-2024-08-26-a-22.05.09-768x431.png 768w, https:\/\/compagnielaforetdor.fr\/wp-content\/uploads\/2024\/09\/Capture-decran-2024-08-26-a-22.05.09-1536x862.png 1536w, https:\/\/compagnielaforetdor.fr\/wp-content\/uploads\/2024\/09\/Capture-decran-2024-08-26-a-22.05.09.png 1881w\" sizes=\"auto, (max-width: 300px) 100vw, 300px\" \/><\/figure>\n<\/figure>\n\n\n\n<div style=\"height:30px\" aria-hidden=\"true\" class=\"wp-block-spacer\"><\/div>\n\n\n\n<div class=\"wp-block-buttons is-layout-flex wp-block-buttons-is-layout-flex\">\n<div class=\"wp-block-button is-style-primary\"><a class=\"wp-block-button__link wp-element-button\" href=\"https:\/\/compagnielaforetdor.fr\/index.php\/galerie\/\">EN VOIR PLUS<\/a><\/div>\n<\/div>\n<\/div>\n<\/div>\n<\/div><\/div>\n\n\n\n<div style=\"height:38px\" aria-hidden=\"true\" class=\"wp-block-spacer\"><\/div>\n<\/div><\/div>\n\n\n\n<p><\/p>\n","protected":false},"excerpt":{"rendered":"","protected":false},"author":1,"featured_media":0,"parent":0,"menu_order":0,"comment_status":"closed","ping_status":"closed","template":"","meta":{"neve_meta_sidebar":"default","neve_meta_container":"default","neve_meta_enable_content_width":"on","neve_meta_content_width":100,"neve_meta_title_alignment":"","neve_meta_author_avatar":"","neve_post_elements_order":"","neve_meta_disable_header":"off","neve_meta_disable_footer":"off","neve_meta_disable_title":"on","footnotes":""},"class_list":["post-9","page","type-page","status-publish","hentry"],"_links":{"self":[{"href":"https:\/\/compagnielaforetdor.fr\/index.php\/wp-json\/wp\/v2\/pages\/9","targetHints":{"allow":["GET"]}}],"collection":[{"href":"https:\/\/compagnielaforetdor.fr\/index.php\/wp-json\/wp\/v2\/pages"}],"about":[{"href":"https:\/\/compagnielaforetdor.fr\/index.php\/wp-json\/wp\/v2\/types\/page"}],"author":[{"embeddable":true,"href":"https:\/\/compagnielaforetdor.fr\/index.php\/wp-json\/wp\/v2\/users\/1"}],"replies":[{"embeddable":true,"href":"https:\/\/compagnielaforetdor.fr\/index.php\/wp-json\/wp\/v2\/comments?post=9"}],"version-history":[{"count":63,"href":"https:\/\/compagnielaforetdor.fr\/index.php\/wp-json\/wp\/v2\/pages\/9\/revisions"}],"predecessor-version":[{"id":502,"href":"https:\/\/compagnielaforetdor.fr\/index.php\/wp-json\/wp\/v2\/pages\/9\/revisions\/502"}],"wp:attachment":[{"href":"https:\/\/compagnielaforetdor.fr\/index.php\/wp-json\/wp\/v2\/media?parent=9"}],"curies":[{"name":"wp","href":"https:\/\/api.w.org\/{rel}","templated":true}]}}