{"id":487,"date":"2024-09-07T17:05:42","date_gmt":"2024-09-07T15:05:42","guid":{"rendered":"https:\/\/compagnielaforetdor.fr\/?page_id=487"},"modified":"2025-04-14T15:26:09","modified_gmt":"2025-04-14T13:26:09","slug":"theodore-ou-reve","status":"publish","type":"page","link":"https:\/\/compagnielaforetdor.fr\/index.php\/theodore-ou-reve\/","title":{"rendered":"TH\u00c9ODORE OU R\u00caVE"},"content":{"rendered":"\n<div class=\"wp-block-cover alignfull is-light\" style=\"min-height:734px;aspect-ratio:unset;\"><span aria-hidden=\"true\" class=\"wp-block-cover__background has-nv-site-bg-background-color has-background-dim-100 has-background-dim\"><\/span><div class=\"wp-block-cover__inner-container is-layout-flow wp-block-cover-is-layout-flow\">\n<div style=\"height:80px\" aria-hidden=\"true\" class=\"wp-block-spacer\"><\/div>\n\n\n\n<div class=\"wp-block-group\"><div class=\"wp-block-group__inner-container is-layout-flow wp-block-group-is-layout-flow\">\n<div class=\"wp-block-group\"><div class=\"wp-block-group__inner-container is-layout-constrained wp-block-group-is-layout-constrained\">\n<h1 class=\"wp-block-heading has-neve-link-hover-color-color has-text-color has-link-color wp-elements-c2343211e293ab9309ec08c2b7de99d3\">TH\u00c9ODORE OU R\u00caVE<\/h1>\n<\/div><\/div>\n<\/div><\/div>\n\n\n\n<div style=\"height:50px\" aria-hidden=\"true\" class=\"wp-block-spacer\"><\/div>\n\n\n\n<div class=\"wp-block-columns is-layout-flex wp-container-core-columns-is-layout-9d6595d7 wp-block-columns-is-layout-flex\">\n<div class=\"wp-block-column is-layout-flow wp-block-column-is-layout-flow\">\n<figure class=\"wp-block-image size-large is-resized\"><img loading=\"lazy\" decoding=\"async\" width=\"1024\" height=\"321\" src=\"http:\/\/compagnielaforetdor.fr\/wp-content\/uploads\/2024\/09\/DSC_0935-scaled-e1725701501675-1024x321.jpg\" alt=\"Th\u00e9odore ou R\u00eave, septembre 2022.\" class=\"wp-image-337\" style=\"width:1167px;height:auto\" srcset=\"https:\/\/compagnielaforetdor.fr\/wp-content\/uploads\/2024\/09\/DSC_0935-scaled-e1725701501675-1024x321.jpg 1024w, https:\/\/compagnielaforetdor.fr\/wp-content\/uploads\/2024\/09\/DSC_0935-scaled-e1725701501675-300x94.jpg 300w, https:\/\/compagnielaforetdor.fr\/wp-content\/uploads\/2024\/09\/DSC_0935-scaled-e1725701501675-768x241.jpg 768w, https:\/\/compagnielaforetdor.fr\/wp-content\/uploads\/2024\/09\/DSC_0935-scaled-e1725701501675-1536x481.jpg 1536w, https:\/\/compagnielaforetdor.fr\/wp-content\/uploads\/2024\/09\/DSC_0935-scaled-e1725701501675-2048x642.jpg 2048w\" sizes=\"auto, (max-width: 1024px) 100vw, 1024px\" \/><\/figure>\n<\/div>\n<\/div>\n\n\n\n<div style=\"height:50px\" aria-hidden=\"true\" class=\"wp-block-spacer\"><\/div>\n<\/div><\/div>\n\n\n\n<div class=\"wp-block-cover alignfull is-light\" style=\"min-height:600px;aspect-ratio:unset;\"><span aria-hidden=\"true\" class=\"wp-block-cover__background has-nv-light-bg-background-color has-background-dim-100 has-background-dim\"><\/span><div class=\"wp-block-cover__inner-container is-layout-flow wp-block-cover-is-layout-flow\">\n<div class=\"wp-block-group\"><div class=\"wp-block-group__inner-container is-layout-flow wp-block-group-is-layout-flow\">\n<div style=\"height:80px\" aria-hidden=\"true\" class=\"wp-block-spacer\"><\/div>\n\n\n\n<div class=\"wp-block-group\"><div class=\"wp-block-group__inner-container is-layout-constrained wp-block-group-is-layout-constrained\">\n<div class=\"wp-block-columns is-layout-flex wp-container-core-columns-is-layout-9d6595d7 wp-block-columns-is-layout-flex\">\n<div class=\"wp-block-column is-layout-flow wp-block-column-is-layout-flow\">\n<h2 class=\"wp-block-heading has-neve-link-hover-color-color has-text-color has-link-color wp-elements-ced2912640cbcb6ede74caf8190fbf33\">R\u00c9SUM\u00c9<\/h2>\n\n\n\n<p class=\"has-neve-link-hover-color-color has-text-color has-link-color wp-elements-22e0dd084d636dccb708ac0037141731\">Depuis ses premiers pas sur sc\u00e8ne, \u00e0 5 ans, Th\u00e9odore sait qu\u2019il veut \u00eatre ARTISTE. Il s\u2019informe sur tout, chanteurs, acteurs, musiciens\u2026 <br>Le 19 juillet 1999, il d\u00e9couvre <strong>Raymond Devos<\/strong> dans son dernier spectacle \u00e0 l\u2019Olympia retransmis en direct \u00e0 la t\u00e9l\u00e9vision. Il pointe l\u2019\u00e9cran du doigt et<br>dit <strong>\u00abje veux \u00eatre lui plus tard\u00bb<\/strong>.<br>Th\u00e9odore vit avec un <strong>Trouble Neurod\u00e9veloppemental<\/strong> (anciennement<br>appel\u00e9 autisme Asperger). En grandissant, sa diff\u00e9rence se fait<br>de plus en plus sentir et<strong> le monde qui l\u2019entoure le stigmatise de plus en plus. Difficile de se faire des amis dans une soci\u00e9t\u00e9 qui exclut les diff\u00e9rences.<\/strong> Et difficile de trouver un diagnostic lorsqu\u2019on ne tombe que sur des psychiatres qui bl\u00e2ment l\u2019\u00e9ducation des parents.<br>Dans cette pi\u00e8ce,<strong> Philippe est le psychiatre<\/strong> ayant enfin diagnostiqu\u00e9 son trouble, l\u2019ann\u00e9e de ses 14 ans. L\u2019ayant suivi assid\u00fbment depuis, il s\u2019est donn\u00e9 pour mission de l\u2019aider \u00e0 s\u2019accepter. Sans arr\u00eat en recherche de nouvelles m\u00e9thodes et connaissant le go\u00fbt et l\u2019ambition de Th\u00e9odore pour le th\u00e9\u00e2tre, il va exp\u00e9rimenter une nouvelle technique. Pour cela, une seule contrainte : venir accompagn\u00e9 d\u2019un partenaire de jeu. Philippe veut le voir en sc\u00e8ne avec l\u2019autre. <br>Ce partenaire, c\u2019est <strong>Louis. La seule personne avec qui Th\u00e9odore a pu travailler sans que son autisme soit un probl\u00e8me. <\/strong>La seule personne qui ne l\u2019a pas rejet\u00e9 et qui a accept\u00e9 de jouer avec lui. Louis est une personne sensible, empathique et toujours pr\u00eate \u00e0 aider l\u2019autre, allant souvent jusqu\u2019\u00e0 s\u2019oublier.<\/p>\n<\/div>\n\n\n\n<div class=\"wp-block-column is-vertically-aligned-bottom is-layout-flow wp-block-column-is-layout-flow\"><div class=\"wp-block-image\">\n<figure class=\"aligncenter size-large\"><img loading=\"lazy\" decoding=\"async\" width=\"1024\" height=\"683\" src=\"http:\/\/compagnielaforetdor.fr\/wp-content\/uploads\/2024\/09\/DSC_0927-1024x683.jpg\" alt=\"\" class=\"wp-image-468\" style=\"aspect-ratio:1.5;object-fit:cover\" srcset=\"https:\/\/compagnielaforetdor.fr\/wp-content\/uploads\/2024\/09\/DSC_0927-1024x683.jpg 1024w, https:\/\/compagnielaforetdor.fr\/wp-content\/uploads\/2024\/09\/DSC_0927-300x200.jpg 300w, https:\/\/compagnielaforetdor.fr\/wp-content\/uploads\/2024\/09\/DSC_0927-768x512.jpg 768w, https:\/\/compagnielaforetdor.fr\/wp-content\/uploads\/2024\/09\/DSC_0927-1536x1024.jpg 1536w, https:\/\/compagnielaforetdor.fr\/wp-content\/uploads\/2024\/09\/DSC_0927-2048x1365.jpg 2048w, https:\/\/compagnielaforetdor.fr\/wp-content\/uploads\/2024\/09\/DSC_0927-930x620.jpg 930w\" sizes=\"auto, (max-width: 1024px) 100vw, 1024px\" \/><\/figure>\n<\/div>\n\n\n<div style=\"height:20px\" aria-hidden=\"true\" class=\"wp-block-spacer\"><\/div>\n\n\n\n<figure class=\"wp-block-image size-large\"><img loading=\"lazy\" decoding=\"async\" width=\"1024\" height=\"683\" src=\"http:\/\/compagnielaforetdor.fr\/wp-content\/uploads\/2024\/09\/DSC_0803-1024x683.jpg\" alt=\"\" class=\"wp-image-488\" srcset=\"https:\/\/compagnielaforetdor.fr\/wp-content\/uploads\/2024\/09\/DSC_0803-1024x683.jpg 1024w, https:\/\/compagnielaforetdor.fr\/wp-content\/uploads\/2024\/09\/DSC_0803-300x200.jpg 300w, https:\/\/compagnielaforetdor.fr\/wp-content\/uploads\/2024\/09\/DSC_0803-768x512.jpg 768w, https:\/\/compagnielaforetdor.fr\/wp-content\/uploads\/2024\/09\/DSC_0803-1536x1024.jpg 1536w, https:\/\/compagnielaforetdor.fr\/wp-content\/uploads\/2024\/09\/DSC_0803-2048x1365.jpg 2048w, https:\/\/compagnielaforetdor.fr\/wp-content\/uploads\/2024\/09\/DSC_0803-930x620.jpg 930w\" sizes=\"auto, (max-width: 1024px) 100vw, 1024px\" \/><\/figure>\n<\/div>\n<\/div>\n<\/div><\/div>\n<\/div><\/div>\n\n\n\n<div style=\"height:50px\" aria-hidden=\"true\" class=\"wp-block-spacer\"><\/div>\n<\/div><\/div>\n\n\n\n<div style=\"height:80px\" aria-hidden=\"true\" class=\"wp-block-spacer\"><\/div>\n\n\n\n<div class=\"wp-block-cover alignfull is-light\" style=\"min-height:1257px;aspect-ratio:unset;\"><span aria-hidden=\"true\" class=\"wp-block-cover__background has-nv-site-bg-background-color has-background-dim-100 has-background-dim\"><\/span><div class=\"wp-block-cover__inner-container is-layout-flow wp-block-cover-is-layout-flow\">\n<h2 class=\"wp-block-heading has-neve-link-hover-color-color has-text-color has-link-color wp-elements-e84a1de32b5c499847c707143ae21bf4\">EN IMAGES<\/h2>\n\n\n\n<div style=\"height:50px\" aria-hidden=\"true\" class=\"wp-block-spacer\"><\/div>\n\n\n\n<div class=\"wp-block-group\"><div class=\"wp-block-group__inner-container is-layout-flow wp-block-group-is-layout-flow\">\n<div class=\"wp-block-columns is-layout-flex wp-container-core-columns-is-layout-9d6595d7 wp-block-columns-is-layout-flex\">\n<div class=\"wp-block-column is-layout-flow wp-block-column-is-layout-flow\">\n<figure data-wp-context=\"{&quot;imageId&quot;:&quot;69d53ebf28e98&quot;}\" data-wp-interactive=\"core\/image\" data-wp-key=\"69d53ebf28e98\" class=\"wp-block-image size-large is-resized wp-lightbox-container\"><img loading=\"lazy\" decoding=\"async\" width=\"1024\" height=\"683\" data-wp-class--hide=\"state.isContentHidden\" data-wp-class--show=\"state.isContentVisible\" data-wp-init=\"callbacks.setButtonStyles\" data-wp-on--click=\"actions.showLightbox\" data-wp-on--load=\"callbacks.setButtonStyles\" data-wp-on-window--resize=\"callbacks.setButtonStyles\" src=\"http:\/\/compagnielaforetdor.fr\/wp-content\/uploads\/2024\/09\/DSC_0961-1024x683.jpg\" alt=\"\" class=\"wp-image-472\" style=\"width:568px;height:auto\" srcset=\"https:\/\/compagnielaforetdor.fr\/wp-content\/uploads\/2024\/09\/DSC_0961-1024x683.jpg 1024w, https:\/\/compagnielaforetdor.fr\/wp-content\/uploads\/2024\/09\/DSC_0961-300x200.jpg 300w, https:\/\/compagnielaforetdor.fr\/wp-content\/uploads\/2024\/09\/DSC_0961-768x512.jpg 768w, https:\/\/compagnielaforetdor.fr\/wp-content\/uploads\/2024\/09\/DSC_0961-1536x1024.jpg 1536w, https:\/\/compagnielaforetdor.fr\/wp-content\/uploads\/2024\/09\/DSC_0961-2048x1365.jpg 2048w, https:\/\/compagnielaforetdor.fr\/wp-content\/uploads\/2024\/09\/DSC_0961-930x620.jpg 930w\" sizes=\"auto, (max-width: 1024px) 100vw, 1024px\" \/><button\n\t\t\tclass=\"lightbox-trigger\"\n\t\t\ttype=\"button\"\n\t\t\taria-haspopup=\"dialog\"\n\t\t\taria-label=\"Agrandir\"\n\t\t\tdata-wp-init=\"callbacks.initTriggerButton\"\n\t\t\tdata-wp-on--click=\"actions.showLightbox\"\n\t\t\tdata-wp-style--right=\"state.imageButtonRight\"\n\t\t\tdata-wp-style--top=\"state.imageButtonTop\"\n\t\t>\n\t\t\t<svg xmlns=\"http:\/\/www.w3.org\/2000\/svg\" width=\"12\" height=\"12\" fill=\"none\" viewBox=\"0 0 12 12\">\n\t\t\t\t<path fill=\"#fff\" d=\"M2 0a2 2 0 0 0-2 2v2h1.5V2a.5.5 0 0 1 .5-.5h2V0H2Zm2 10.5H2a.5.5 0 0 1-.5-.5V8H0v2a2 2 0 0 0 2 2h2v-1.5ZM8 12v-1.5h2a.5.5 0 0 0 .5-.5V8H12v2a2 2 0 0 1-2 2H8Zm2-12a2 2 0 0 1 2 2v2h-1.5V2a.5.5 0 0 0-.5-.5H8V0h2Z\" \/>\n\t\t\t<\/svg>\n\t\t<\/button><\/figure>\n\n\n\n<div style=\"height:20px\" aria-hidden=\"true\" class=\"wp-block-spacer\"><\/div>\n\n\n\n<figure data-wp-context=\"{&quot;imageId&quot;:&quot;69d53ebf2925f&quot;}\" data-wp-interactive=\"core\/image\" data-wp-key=\"69d53ebf2925f\" class=\"wp-block-image size-large wp-lightbox-container\"><img loading=\"lazy\" decoding=\"async\" width=\"1024\" height=\"683\" data-wp-class--hide=\"state.isContentHidden\" data-wp-class--show=\"state.isContentVisible\" data-wp-init=\"callbacks.setButtonStyles\" data-wp-on--click=\"actions.showLightbox\" data-wp-on--load=\"callbacks.setButtonStyles\" data-wp-on-window--resize=\"callbacks.setButtonStyles\" src=\"http:\/\/compagnielaforetdor.fr\/wp-content\/uploads\/2024\/09\/DSC_0832-1024x683.jpg\" alt=\"\" class=\"wp-image-461\" srcset=\"https:\/\/compagnielaforetdor.fr\/wp-content\/uploads\/2024\/09\/DSC_0832-1024x683.jpg 1024w, https:\/\/compagnielaforetdor.fr\/wp-content\/uploads\/2024\/09\/DSC_0832-300x200.jpg 300w, https:\/\/compagnielaforetdor.fr\/wp-content\/uploads\/2024\/09\/DSC_0832-768x512.jpg 768w, https:\/\/compagnielaforetdor.fr\/wp-content\/uploads\/2024\/09\/DSC_0832-1536x1024.jpg 1536w, https:\/\/compagnielaforetdor.fr\/wp-content\/uploads\/2024\/09\/DSC_0832-2048x1365.jpg 2048w, https:\/\/compagnielaforetdor.fr\/wp-content\/uploads\/2024\/09\/DSC_0832-930x620.jpg 930w\" sizes=\"auto, (max-width: 1024px) 100vw, 1024px\" \/><button\n\t\t\tclass=\"lightbox-trigger\"\n\t\t\ttype=\"button\"\n\t\t\taria-haspopup=\"dialog\"\n\t\t\taria-label=\"Agrandir\"\n\t\t\tdata-wp-init=\"callbacks.initTriggerButton\"\n\t\t\tdata-wp-on--click=\"actions.showLightbox\"\n\t\t\tdata-wp-style--right=\"state.imageButtonRight\"\n\t\t\tdata-wp-style--top=\"state.imageButtonTop\"\n\t\t>\n\t\t\t<svg xmlns=\"http:\/\/www.w3.org\/2000\/svg\" width=\"12\" height=\"12\" fill=\"none\" viewBox=\"0 0 12 12\">\n\t\t\t\t<path fill=\"#fff\" d=\"M2 0a2 2 0 0 0-2 2v2h1.5V2a.5.5 0 0 1 .5-.5h2V0H2Zm2 10.5H2a.5.5 0 0 1-.5-.5V8H0v2a2 2 0 0 0 2 2h2v-1.5ZM8 12v-1.5h2a.5.5 0 0 0 .5-.5V8H12v2a2 2 0 0 1-2 2H8Zm2-12a2 2 0 0 1 2 2v2h-1.5V2a.5.5 0 0 0-.5-.5H8V0h2Z\" \/>\n\t\t\t<\/svg>\n\t\t<\/button><\/figure>\n\n\n\n<div style=\"height:20px\" aria-hidden=\"true\" class=\"wp-block-spacer\"><\/div>\n\n\n\n<figure data-wp-context=\"{&quot;imageId&quot;:&quot;69d53ebf295e4&quot;}\" data-wp-interactive=\"core\/image\" data-wp-key=\"69d53ebf295e4\" class=\"wp-block-image size-large wp-lightbox-container\"><img loading=\"lazy\" decoding=\"async\" width=\"1024\" height=\"682\" data-wp-class--hide=\"state.isContentHidden\" data-wp-class--show=\"state.isContentVisible\" data-wp-init=\"callbacks.setButtonStyles\" data-wp-on--click=\"actions.showLightbox\" data-wp-on--load=\"callbacks.setButtonStyles\" data-wp-on-window--resize=\"callbacks.setButtonStyles\" src=\"http:\/\/compagnielaforetdor.fr\/wp-content\/uploads\/2024\/09\/DSC_0757-scaled-e1725721115852-1024x682.jpg\" alt=\"\" class=\"wp-image-457\" srcset=\"https:\/\/compagnielaforetdor.fr\/wp-content\/uploads\/2024\/09\/DSC_0757-scaled-e1725721115852-1024x682.jpg 1024w, https:\/\/compagnielaforetdor.fr\/wp-content\/uploads\/2024\/09\/DSC_0757-scaled-e1725721115852-300x200.jpg 300w, https:\/\/compagnielaforetdor.fr\/wp-content\/uploads\/2024\/09\/DSC_0757-scaled-e1725721115852-768x512.jpg 768w, https:\/\/compagnielaforetdor.fr\/wp-content\/uploads\/2024\/09\/DSC_0757-scaled-e1725721115852-1536x1024.jpg 1536w, https:\/\/compagnielaforetdor.fr\/wp-content\/uploads\/2024\/09\/DSC_0757-scaled-e1725721115852-2048x1365.jpg 2048w, https:\/\/compagnielaforetdor.fr\/wp-content\/uploads\/2024\/09\/DSC_0757-scaled-e1725721115852-930x620.jpg 930w\" sizes=\"auto, (max-width: 1024px) 100vw, 1024px\" \/><button\n\t\t\tclass=\"lightbox-trigger\"\n\t\t\ttype=\"button\"\n\t\t\taria-haspopup=\"dialog\"\n\t\t\taria-label=\"Agrandir\"\n\t\t\tdata-wp-init=\"callbacks.initTriggerButton\"\n\t\t\tdata-wp-on--click=\"actions.showLightbox\"\n\t\t\tdata-wp-style--right=\"state.imageButtonRight\"\n\t\t\tdata-wp-style--top=\"state.imageButtonTop\"\n\t\t>\n\t\t\t<svg xmlns=\"http:\/\/www.w3.org\/2000\/svg\" width=\"12\" height=\"12\" fill=\"none\" viewBox=\"0 0 12 12\">\n\t\t\t\t<path fill=\"#fff\" d=\"M2 0a2 2 0 0 0-2 2v2h1.5V2a.5.5 0 0 1 .5-.5h2V0H2Zm2 10.5H2a.5.5 0 0 1-.5-.5V8H0v2a2 2 0 0 0 2 2h2v-1.5ZM8 12v-1.5h2a.5.5 0 0 0 .5-.5V8H12v2a2 2 0 0 1-2 2H8Zm2-12a2 2 0 0 1 2 2v2h-1.5V2a.5.5 0 0 0-.5-.5H8V0h2Z\" \/>\n\t\t\t<\/svg>\n\t\t<\/button><\/figure>\n<\/div>\n\n\n\n<div class=\"wp-block-column is-layout-flow wp-block-column-is-layout-flow\">\n<figure data-wp-context=\"{&quot;imageId&quot;:&quot;69d53ebf29970&quot;}\" data-wp-interactive=\"core\/image\" data-wp-key=\"69d53ebf29970\" class=\"wp-block-image size-large wp-lightbox-container\"><img loading=\"lazy\" decoding=\"async\" width=\"1024\" height=\"683\" data-wp-class--hide=\"state.isContentHidden\" data-wp-class--show=\"state.isContentVisible\" data-wp-init=\"callbacks.setButtonStyles\" data-wp-on--click=\"actions.showLightbox\" data-wp-on--load=\"callbacks.setButtonStyles\" data-wp-on-window--resize=\"callbacks.setButtonStyles\" src=\"http:\/\/compagnielaforetdor.fr\/wp-content\/uploads\/2024\/09\/DSC_0950-1024x683.jpg\" alt=\"\" class=\"wp-image-470\" srcset=\"https:\/\/compagnielaforetdor.fr\/wp-content\/uploads\/2024\/09\/DSC_0950-1024x683.jpg 1024w, https:\/\/compagnielaforetdor.fr\/wp-content\/uploads\/2024\/09\/DSC_0950-300x200.jpg 300w, https:\/\/compagnielaforetdor.fr\/wp-content\/uploads\/2024\/09\/DSC_0950-768x512.jpg 768w, https:\/\/compagnielaforetdor.fr\/wp-content\/uploads\/2024\/09\/DSC_0950-1536x1024.jpg 1536w, https:\/\/compagnielaforetdor.fr\/wp-content\/uploads\/2024\/09\/DSC_0950-2048x1365.jpg 2048w, https:\/\/compagnielaforetdor.fr\/wp-content\/uploads\/2024\/09\/DSC_0950-930x620.jpg 930w\" sizes=\"auto, (max-width: 1024px) 100vw, 1024px\" \/><button\n\t\t\tclass=\"lightbox-trigger\"\n\t\t\ttype=\"button\"\n\t\t\taria-haspopup=\"dialog\"\n\t\t\taria-label=\"Agrandir\"\n\t\t\tdata-wp-init=\"callbacks.initTriggerButton\"\n\t\t\tdata-wp-on--click=\"actions.showLightbox\"\n\t\t\tdata-wp-style--right=\"state.imageButtonRight\"\n\t\t\tdata-wp-style--top=\"state.imageButtonTop\"\n\t\t>\n\t\t\t<svg xmlns=\"http:\/\/www.w3.org\/2000\/svg\" width=\"12\" height=\"12\" fill=\"none\" viewBox=\"0 0 12 12\">\n\t\t\t\t<path fill=\"#fff\" d=\"M2 0a2 2 0 0 0-2 2v2h1.5V2a.5.5 0 0 1 .5-.5h2V0H2Zm2 10.5H2a.5.5 0 0 1-.5-.5V8H0v2a2 2 0 0 0 2 2h2v-1.5ZM8 12v-1.5h2a.5.5 0 0 0 .5-.5V8H12v2a2 2 0 0 1-2 2H8Zm2-12a2 2 0 0 1 2 2v2h-1.5V2a.5.5 0 0 0-.5-.5H8V0h2Z\" \/>\n\t\t\t<\/svg>\n\t\t<\/button><\/figure>\n\n\n\n<div style=\"height:20px\" aria-hidden=\"true\" class=\"wp-block-spacer\"><\/div>\n\n\n\n<figure data-wp-context=\"{&quot;imageId&quot;:&quot;69d53ebf29ccc&quot;}\" data-wp-interactive=\"core\/image\" data-wp-key=\"69d53ebf29ccc\" class=\"wp-block-image size-large wp-lightbox-container\"><img loading=\"lazy\" decoding=\"async\" width=\"1024\" height=\"683\" data-wp-class--hide=\"state.isContentHidden\" data-wp-class--show=\"state.isContentVisible\" data-wp-init=\"callbacks.setButtonStyles\" data-wp-on--click=\"actions.showLightbox\" data-wp-on--load=\"callbacks.setButtonStyles\" data-wp-on-window--resize=\"callbacks.setButtonStyles\" src=\"http:\/\/compagnielaforetdor.fr\/wp-content\/uploads\/2024\/09\/DSC_0712-1024x683.jpg\" alt=\"\" class=\"wp-image-455\" srcset=\"https:\/\/compagnielaforetdor.fr\/wp-content\/uploads\/2024\/09\/DSC_0712-1024x683.jpg 1024w, https:\/\/compagnielaforetdor.fr\/wp-content\/uploads\/2024\/09\/DSC_0712-300x200.jpg 300w, https:\/\/compagnielaforetdor.fr\/wp-content\/uploads\/2024\/09\/DSC_0712-768x512.jpg 768w, https:\/\/compagnielaforetdor.fr\/wp-content\/uploads\/2024\/09\/DSC_0712-1536x1024.jpg 1536w, https:\/\/compagnielaforetdor.fr\/wp-content\/uploads\/2024\/09\/DSC_0712-2048x1365.jpg 2048w, https:\/\/compagnielaforetdor.fr\/wp-content\/uploads\/2024\/09\/DSC_0712-930x620.jpg 930w\" sizes=\"auto, (max-width: 1024px) 100vw, 1024px\" \/><button\n\t\t\tclass=\"lightbox-trigger\"\n\t\t\ttype=\"button\"\n\t\t\taria-haspopup=\"dialog\"\n\t\t\taria-label=\"Agrandir\"\n\t\t\tdata-wp-init=\"callbacks.initTriggerButton\"\n\t\t\tdata-wp-on--click=\"actions.showLightbox\"\n\t\t\tdata-wp-style--right=\"state.imageButtonRight\"\n\t\t\tdata-wp-style--top=\"state.imageButtonTop\"\n\t\t>\n\t\t\t<svg xmlns=\"http:\/\/www.w3.org\/2000\/svg\" width=\"12\" height=\"12\" fill=\"none\" viewBox=\"0 0 12 12\">\n\t\t\t\t<path fill=\"#fff\" d=\"M2 0a2 2 0 0 0-2 2v2h1.5V2a.5.5 0 0 1 .5-.5h2V0H2Zm2 10.5H2a.5.5 0 0 1-.5-.5V8H0v2a2 2 0 0 0 2 2h2v-1.5ZM8 12v-1.5h2a.5.5 0 0 0 .5-.5V8H12v2a2 2 0 0 1-2 2H8Zm2-12a2 2 0 0 1 2 2v2h-1.5V2a.5.5 0 0 0-.5-.5H8V0h2Z\" \/>\n\t\t\t<\/svg>\n\t\t<\/button><\/figure>\n\n\n\n<div style=\"height:20px\" aria-hidden=\"true\" class=\"wp-block-spacer\"><\/div>\n\n\n\n<figure data-wp-context=\"{&quot;imageId&quot;:&quot;69d53ebf2a019&quot;}\" data-wp-interactive=\"core\/image\" data-wp-key=\"69d53ebf2a019\" class=\"wp-block-image size-large is-resized wp-lightbox-container\"><img loading=\"lazy\" decoding=\"async\" width=\"1024\" height=\"683\" data-wp-class--hide=\"state.isContentHidden\" data-wp-class--show=\"state.isContentVisible\" data-wp-init=\"callbacks.setButtonStyles\" data-wp-on--click=\"actions.showLightbox\" data-wp-on--load=\"callbacks.setButtonStyles\" data-wp-on-window--resize=\"callbacks.setButtonStyles\" src=\"http:\/\/compagnielaforetdor.fr\/wp-content\/uploads\/2024\/09\/DSC_0919-1024x683.jpg\" alt=\"\" class=\"wp-image-466\" style=\"width:567px;height:auto\" srcset=\"https:\/\/compagnielaforetdor.fr\/wp-content\/uploads\/2024\/09\/DSC_0919-1024x683.jpg 1024w, https:\/\/compagnielaforetdor.fr\/wp-content\/uploads\/2024\/09\/DSC_0919-300x200.jpg 300w, https:\/\/compagnielaforetdor.fr\/wp-content\/uploads\/2024\/09\/DSC_0919-768x512.jpg 768w, https:\/\/compagnielaforetdor.fr\/wp-content\/uploads\/2024\/09\/DSC_0919-1536x1024.jpg 1536w, https:\/\/compagnielaforetdor.fr\/wp-content\/uploads\/2024\/09\/DSC_0919-2048x1365.jpg 2048w, https:\/\/compagnielaforetdor.fr\/wp-content\/uploads\/2024\/09\/DSC_0919-930x620.jpg 930w\" sizes=\"auto, (max-width: 1024px) 100vw, 1024px\" \/><button\n\t\t\tclass=\"lightbox-trigger\"\n\t\t\ttype=\"button\"\n\t\t\taria-haspopup=\"dialog\"\n\t\t\taria-label=\"Agrandir\"\n\t\t\tdata-wp-init=\"callbacks.initTriggerButton\"\n\t\t\tdata-wp-on--click=\"actions.showLightbox\"\n\t\t\tdata-wp-style--right=\"state.imageButtonRight\"\n\t\t\tdata-wp-style--top=\"state.imageButtonTop\"\n\t\t>\n\t\t\t<svg xmlns=\"http:\/\/www.w3.org\/2000\/svg\" width=\"12\" height=\"12\" fill=\"none\" viewBox=\"0 0 12 12\">\n\t\t\t\t<path fill=\"#fff\" d=\"M2 0a2 2 0 0 0-2 2v2h1.5V2a.5.5 0 0 1 .5-.5h2V0H2Zm2 10.5H2a.5.5 0 0 1-.5-.5V8H0v2a2 2 0 0 0 2 2h2v-1.5ZM8 12v-1.5h2a.5.5 0 0 0 .5-.5V8H12v2a2 2 0 0 1-2 2H8Zm2-12a2 2 0 0 1 2 2v2h-1.5V2a.5.5 0 0 0-.5-.5H8V0h2Z\" \/>\n\t\t\t<\/svg>\n\t\t<\/button><\/figure>\n<\/div>\n<\/div>\n\n\n\n<div style=\"height:20px\" aria-hidden=\"true\" class=\"wp-block-spacer\"><\/div>\n<\/div><\/div>\n\n\n\n<div style=\"height:50px\" aria-hidden=\"true\" class=\"wp-block-spacer\"><\/div>\n<\/div><\/div>\n\n\n\n<div style=\"height:80px\" aria-hidden=\"true\" class=\"wp-block-spacer\"><\/div>\n","protected":false},"excerpt":{"rendered":"","protected":false},"author":1,"featured_media":0,"parent":0,"menu_order":0,"comment_status":"closed","ping_status":"closed","template":"","meta":{"neve_meta_sidebar":"","neve_meta_container":"","neve_meta_enable_content_width":"on","neve_meta_content_width":100,"neve_meta_title_alignment":"","neve_meta_author_avatar":"","neve_post_elements_order":"","neve_meta_disable_header":"","neve_meta_disable_footer":"","neve_meta_disable_title":"on","footnotes":""},"class_list":["post-487","page","type-page","status-publish","hentry"],"_links":{"self":[{"href":"https:\/\/compagnielaforetdor.fr\/index.php\/wp-json\/wp\/v2\/pages\/487","targetHints":{"allow":["GET"]}}],"collection":[{"href":"https:\/\/compagnielaforetdor.fr\/index.php\/wp-json\/wp\/v2\/pages"}],"about":[{"href":"https:\/\/compagnielaforetdor.fr\/index.php\/wp-json\/wp\/v2\/types\/page"}],"author":[{"embeddable":true,"href":"https:\/\/compagnielaforetdor.fr\/index.php\/wp-json\/wp\/v2\/users\/1"}],"replies":[{"embeddable":true,"href":"https:\/\/compagnielaforetdor.fr\/index.php\/wp-json\/wp\/v2\/comments?post=487"}],"version-history":[{"count":5,"href":"https:\/\/compagnielaforetdor.fr\/index.php\/wp-json\/wp\/v2\/pages\/487\/revisions"}],"predecessor-version":[{"id":536,"href":"https:\/\/compagnielaforetdor.fr\/index.php\/wp-json\/wp\/v2\/pages\/487\/revisions\/536"}],"wp:attachment":[{"href":"https:\/\/compagnielaforetdor.fr\/index.php\/wp-json\/wp\/v2\/media?parent=487"}],"curies":[{"name":"wp","href":"https:\/\/api.w.org\/{rel}","templated":true}]}}