{"id":399,"date":"2024-09-07T15:28:37","date_gmt":"2024-09-07T13:28:37","guid":{"rendered":"https:\/\/compagnielaforetdor.fr\/?page_id=399"},"modified":"2025-11-22T15:00:56","modified_gmt":"2025-11-22T14:00:56","slug":"entre-en-jeu","status":"publish","type":"page","link":"https:\/\/compagnielaforetdor.fr\/index.php\/accueil\/entre-en-jeu\/","title":{"rendered":"ENTRE EN JEU !"},"content":{"rendered":"\n<div class=\"wp-block-cover alignfull\" style=\"min-height:428px;aspect-ratio:unset;\"><span aria-hidden=\"true\" class=\"wp-block-cover__background has-nv-light-bg-background-color has-background-dim-100 has-background-dim\"><\/span><div class=\"wp-block-cover__inner-container is-layout-flow wp-block-cover-is-layout-flow\">\n<div style=\"height:50px\" aria-hidden=\"true\" class=\"wp-block-spacer\"><\/div>\n\n\n\n<div class=\"wp-block-group\"><div class=\"wp-block-group__inner-container is-layout-flow wp-block-group-is-layout-flow\">\n<h2 class=\"wp-block-heading has-neve-text-color-color has-text-color has-link-color wp-elements-8a29e5cfd799ddae6905626189a5c0e4\">ENTRE EN JEU !<\/h2>\n\n\n\n<div style=\"height:50px\" aria-hidden=\"true\" class=\"wp-block-spacer\"><\/div>\n<\/div><\/div>\n\n\n\n<figure class=\"wp-block-image size-large\"><img loading=\"lazy\" decoding=\"async\" width=\"1024\" height=\"724\" src=\"http:\/\/compagnielaforetdor.fr\/wp-content\/uploads\/2024\/09\/A2_Entre-en-Jeu-1024x724.png\" alt=\"\" class=\"wp-image-396\" style=\"aspect-ratio:16\/9;object-fit:cover\" srcset=\"https:\/\/compagnielaforetdor.fr\/wp-content\/uploads\/2024\/09\/A2_Entre-en-Jeu-1024x724.png 1024w, https:\/\/compagnielaforetdor.fr\/wp-content\/uploads\/2024\/09\/A2_Entre-en-Jeu-300x212.png 300w, https:\/\/compagnielaforetdor.fr\/wp-content\/uploads\/2024\/09\/A2_Entre-en-Jeu-768x543.png 768w, https:\/\/compagnielaforetdor.fr\/wp-content\/uploads\/2024\/09\/A2_Entre-en-Jeu-1536x1086.png 1536w, https:\/\/compagnielaforetdor.fr\/wp-content\/uploads\/2024\/09\/A2_Entre-en-Jeu-2048x1448.png 2048w\" sizes=\"auto, (max-width: 1024px) 100vw, 1024px\" \/><\/figure>\n\n\n\n<div style=\"height:50px\" aria-hidden=\"true\" class=\"wp-block-spacer\"><\/div>\n<\/div><\/div>\n\n\n\n<div style=\"height:80px\" aria-hidden=\"true\" class=\"wp-block-spacer\"><\/div>\n\n\n\n<p><strong>\u00ab\u00a0Entre en jeu\u00a0\u00bb<\/strong> est l&rsquo;endroit o\u00f9 vous <strong>devenez com\u00e9diens<\/strong>. Tous <strong>les mercredis pour les enfants, pr\u00e9-ados et ados<\/strong> et tous<strong> les mardis pour les adultes<\/strong>, vous travaillerez sur la mise en place de<strong> deux spectacles de th\u00e9\u00e2tre<\/strong> et serez dirig\u00e9s par notre metteur en sc\u00e8ne, <strong>Lucie JUGEL\u00c9<\/strong>, ou par notre com\u00e9dien <strong>Asl\u00e2n GUIASSA<\/strong>. <br>Le <strong>1er trimestre<\/strong> sera consacr\u00e9 au <strong>l\u00e2cher prise et \u00e0 la technique vocale et corporelle<\/strong>. Le premier spectacle, qui aura lieu en d\u00e9cembre, sera fait de cr\u00e9ations <strong>\u00e0 partir d&rsquo;improvisations ou de lectures jou\u00e9es<\/strong> ou, suivant l&rsquo;envie du groupe, d&rsquo;un cabaret d&rsquo;improvisation. <br>Lors du <strong>2\u00e8me semestre<\/strong>, vous travaillerez sur <strong>une pi\u00e8ce de th\u00e9\u00e2tre contemporaine ou classique<\/strong>. Vous serez alors amen\u00e9 \u00e0 travailler plus en profondeur <strong>le jeu d&rsquo;acteur et la mise en sc\u00e8ne<\/strong>. La repr\u00e9sentation aura lieu fin mai \/ d\u00e9but juin.<\/p>\n\n\n\n<h3 class=\"wp-block-heading has-nv-site-bg-color has-neve-link-color-background-color has-text-color has-background has-link-color wp-elements-79997ed4955acc504ba5b68b48c03e10\">Cette ann\u00e9e, la repr\u00e9sentation des ateliers aura lieu le <strong><mark style=\"background-color:rgba(0, 0, 0, 0)\" class=\"has-inline-color has-neve-link-hover-color-color\">7 juin 2026<\/mark><\/strong> \u00e0 la maison pour tous Georges Brassens. Venez nous voir !<\/h3>\n\n\n\n<div style=\"height:50px\" aria-hidden=\"true\" class=\"wp-block-spacer\"><\/div>\n\n\n\n<div class=\"wp-block-cover alignfull\" style=\"min-height:446px;aspect-ratio:unset;\"><span aria-hidden=\"true\" class=\"wp-block-cover__background has-nv-text-dark-bg-background-color has-background-dim-100 has-background-dim\"><\/span><div class=\"wp-block-cover__inner-container is-layout-flow wp-block-cover-is-layout-flow\">\n<div class=\"wp-block-group\"><div class=\"wp-block-group__inner-container is-layout-flow wp-block-group-is-layout-flow\">\n<div style=\"height:0px\" aria-hidden=\"true\" class=\"wp-block-spacer\"><\/div>\n\n\n\n<div class=\"wp-block-columns are-vertically-aligned-top is-layout-flex wp-container-core-columns-is-layout-9d6595d7 wp-block-columns-is-layout-flex\">\n<div class=\"wp-block-column is-vertically-aligned-top has-neve-link-hover-color-color has-text-color has-link-color wp-elements-9366cdd24f454c8b66004865c8372eec is-layout-flow wp-block-column-is-layout-flow\" style=\"flex-basis:33.33%\">\n<h2 class=\"wp-block-heading has-neve-text-color-color has-text-color\">TARIFS :<\/h2>\n\n\n\n<p><strong>ENFANTS : <\/strong><br>169 \u20ac<\/p>\n\n\n\n<p><strong>ADULTES : <\/strong><br>264 \u20ac<\/p>\n<\/div>\n\n\n\n<div class=\"wp-block-column is-vertically-aligned-top has-neve-link-hover-color-color has-text-color has-link-color wp-elements-6789bebe9f858f04135faa5d4e2c6605 is-layout-flow wp-block-column-is-layout-flow\" style=\"flex-basis:33.34%\">\n<h2 class=\"wp-block-heading has-neve-link-hover-color-color has-text-color has-link-color wp-elements-e980877fb083d21d3efc7b5dddfde32e\">\u00c2GES : <\/h2>\n\n\n\n<p><strong>ENFANTS : <\/strong><br>6 \/ 12 ans<\/p>\n\n\n\n<p><strong>ADULTES :<\/strong> <br>18 ans et +<\/p>\n<\/div>\n\n\n\n<div class=\"wp-block-column is-vertically-aligned-top has-neve-link-hover-color-color has-text-color has-link-color wp-elements-4c0d47bf8575e73a144b41f16173886c is-layout-flow wp-block-column-is-layout-flow\" style=\"flex-basis:33.34%\">\n<h2 class=\"wp-block-heading has-neve-link-hover-color-color has-text-color has-link-color wp-elements-5918e3edb0998d1c2abb2ac73a652a87\">HORAIRES : <\/h2>\n\n\n\n<p><strong>ENFANTS : <\/strong><br>Mercredi 9h &#8211; 13h30 &amp; 10h30 &#8211; 12h<\/p>\n\n\n\n<p><strong>ADULTES :<\/strong> <br>Mardi 20h15 &#8211; 22h15<\/p>\n<\/div>\n<\/div>\n\n\n\n<h3 class=\"wp-block-heading has-neve-link-hover-color-color has-text-color has-link-color wp-elements-6ef32074f8a6d228f88b032eff5fcf56\">ADH\u00c9SION : 15 \u20ac<\/h3>\n\n\n\n<div style=\"height:29px\" aria-hidden=\"true\" class=\"wp-block-spacer\"><\/div>\n\n\n\n<h4 class=\"wp-block-heading has-neve-link-hover-color-color has-text-color has-link-color wp-elements-e2ec1309f5ece4eef88c980132b12636\">LIEU : Maison Pour Tous Georges BRASSENS, Place Jacques BREL, 34080 MONTPELLIER.<\/h4>\n\n\n\n<p class=\"has-neve-link-hover-color-color has-text-color has-link-color wp-elements-4dc92963fd27bc6556a2237b0701132c\">Enfants : Salle polyvalente <br>Adultes : Salle Colombine<\/p>\n\n\n\n<div style=\"height:50px\" aria-hidden=\"true\" class=\"wp-block-spacer\"><\/div>\n\n\n\n<h2 class=\"wp-block-heading has-neve-link-hover-color-color has-text-color has-link-color wp-elements-44cbe93be0c370af3f70e0289eac5909\">FICHE D&rsquo;INSCRIPTION<\/h2>\n\n\n\n<div style=\"height:50px\" aria-hidden=\"true\" class=\"wp-block-spacer\"><\/div>\n<\/div><\/div>\n<\/div><\/div>\n\n\n\n<div data-wp-interactive=\"core\/file\" class=\"wp-block-file\"><object data-wp-bind--hidden=\"!state.hasPdfPreview\" hidden class=\"wp-block-file__embed\" data=\"https:\/\/compagnielaforetdor.fr\/wp-content\/uploads\/2025\/11\/Fly_Entre-en-Jeu_2025_VERSO-web-1.pdf\" type=\"application\/pdf\" style=\"width:100%;height:600px\" aria-label=\"Contenu embarqu\u00e9 Fly_Entre-en-Jeu_2025_VERSO-web.\"><\/object><a id=\"wp-block-file--media-bc7b631d-3abb-47ca-a9e7-d9ddebcae0d5\" href=\"https:\/\/compagnielaforetdor.fr\/wp-content\/uploads\/2025\/11\/Fly_Entre-en-Jeu_2025_VERSO-web-1.pdf\">Fly_Entre-en-Jeu_2025_VERSO-web<\/a><a href=\"https:\/\/compagnielaforetdor.fr\/wp-content\/uploads\/2025\/11\/Fly_Entre-en-Jeu_2025_VERSO-web-1.pdf\" class=\"wp-block-file__button wp-element-button\" download aria-describedby=\"wp-block-file--media-bc7b631d-3abb-47ca-a9e7-d9ddebcae0d5\">T\u00e9l\u00e9charger<\/a><\/div>\n\n\n\n<div style=\"height:50px\" aria-hidden=\"true\" class=\"wp-block-spacer\"><\/div>\n","protected":false},"excerpt":{"rendered":"<p>\u00ab\u00a0Entre en jeu\u00a0\u00bb est l&rsquo;endroit o\u00f9 vous devenez com\u00e9diens. Tous les mercredis pour les enfants, pr\u00e9-ados et ados et tous les mardis pour les adultes, vous travaillerez sur la mise en place de deux spectacles de th\u00e9\u00e2tre et serez dirig\u00e9s par notre metteur en sc\u00e8ne, Lucie JUGEL\u00c9, ou par notre com\u00e9dien Asl\u00e2n GUIASSA. Le 1er&hellip;&nbsp;<a href=\"https:\/\/compagnielaforetdor.fr\/index.php\/accueil\/entre-en-jeu\/\" rel=\"bookmark\">Lire la suite &raquo;<span class=\"screen-reader-text\">ENTRE EN JEU !<\/span><\/a><\/p>\n","protected":false},"author":1,"featured_media":0,"parent":9,"menu_order":0,"comment_status":"closed","ping_status":"closed","template":"","meta":{"neve_meta_sidebar":"default","neve_meta_container":"","neve_meta_enable_content_width":"on","neve_meta_content_width":100,"neve_meta_title_alignment":"","neve_meta_author_avatar":"","neve_post_elements_order":"","neve_meta_disable_header":"","neve_meta_disable_footer":"","neve_meta_disable_title":"on","footnotes":""},"class_list":["post-399","page","type-page","status-publish","hentry"],"_links":{"self":[{"href":"https:\/\/compagnielaforetdor.fr\/index.php\/wp-json\/wp\/v2\/pages\/399","targetHints":{"allow":["GET"]}}],"collection":[{"href":"https:\/\/compagnielaforetdor.fr\/index.php\/wp-json\/wp\/v2\/pages"}],"about":[{"href":"https:\/\/compagnielaforetdor.fr\/index.php\/wp-json\/wp\/v2\/types\/page"}],"author":[{"embeddable":true,"href":"https:\/\/compagnielaforetdor.fr\/index.php\/wp-json\/wp\/v2\/users\/1"}],"replies":[{"embeddable":true,"href":"https:\/\/compagnielaforetdor.fr\/index.php\/wp-json\/wp\/v2\/comments?post=399"}],"version-history":[{"count":25,"href":"https:\/\/compagnielaforetdor.fr\/index.php\/wp-json\/wp\/v2\/pages\/399\/revisions"}],"predecessor-version":[{"id":575,"href":"https:\/\/compagnielaforetdor.fr\/index.php\/wp-json\/wp\/v2\/pages\/399\/revisions\/575"}],"up":[{"embeddable":true,"href":"https:\/\/compagnielaforetdor.fr\/index.php\/wp-json\/wp\/v2\/pages\/9"}],"wp:attachment":[{"href":"https:\/\/compagnielaforetdor.fr\/index.php\/wp-json\/wp\/v2\/media?parent=399"}],"curies":[{"name":"wp","href":"https:\/\/api.w.org\/{rel}","templated":true}]}}