{"id":342,"date":"2024-09-07T12:22:40","date_gmt":"2024-09-07T10:22:40","guid":{"rendered":"https:\/\/compagnielaforetdor.fr\/?page_id=342"},"modified":"2024-09-20T20:44:08","modified_gmt":"2024-09-20T18:44:08","slug":"nos-spectacles","status":"publish","type":"page","link":"https:\/\/compagnielaforetdor.fr\/index.php\/accueil\/nos-spectacles\/","title":{"rendered":"NOS SPECTACLES"},"content":{"rendered":"\n<div class=\"wp-block-cover alignfull\" style=\"min-height:884px;aspect-ratio:unset;\"><span aria-hidden=\"true\" class=\"wp-block-cover__background has-nv-light-bg-background-color has-background-dim-100 has-background-dim\"><\/span><div class=\"wp-block-cover__inner-container is-layout-flow wp-block-cover-is-layout-flow\">\n<div style=\"height:80px\" aria-hidden=\"true\" class=\"wp-block-spacer\"><\/div>\n\n\n\n<h1 class=\"wp-block-heading has-neve-link-hover-color-color has-text-color has-link-color wp-elements-ec4005d8d9c0df59e2ca3adf9ce7af4a\">NOS SP\u00c9CTACLES<\/h1>\n\n\n\n<div style=\"height:100px\" aria-hidden=\"true\" class=\"wp-block-spacer\"><\/div>\n\n\n\n<div class=\"wp-block-group\"><div class=\"wp-block-group__inner-container is-layout-flow wp-block-group-is-layout-flow\">\n<h2 class=\"wp-block-heading has-neve-text-color-color has-text-color has-link-color wp-elements-966e929a8ac52859412ea00c6810d117\">LA FLAMME DANS LA MONTAGNE<\/h2>\n\n\n\n<div style=\"height:50px\" aria-hidden=\"true\" class=\"wp-block-spacer\"><\/div>\n\n\n\n<div class=\"wp-block-columns is-layout-flex wp-container-core-columns-is-layout-9d6595d7 wp-block-columns-is-layout-flex\">\n<div class=\"wp-block-column is-layout-flow wp-block-column-is-layout-flow\">\n<div style=\"height:0px\" aria-hidden=\"true\" class=\"wp-block-spacer\"><\/div>\n\n\n\n<div class=\"wp-block-columns is-layout-flex wp-container-core-columns-is-layout-9d6595d7 wp-block-columns-is-layout-flex\">\n<div class=\"wp-block-column is-layout-flow wp-block-column-is-layout-flow\" style=\"flex-basis:50%\">\n<figure class=\"wp-block-image size-large\"><img loading=\"lazy\" decoding=\"async\" width=\"724\" height=\"1024\" src=\"http:\/\/compagnielaforetdor.fr\/wp-content\/uploads\/2024\/06\/LaFlammeDansLaMontagne-724x1024.png\" alt=\"\" class=\"wp-image-133\" srcset=\"https:\/\/compagnielaforetdor.fr\/wp-content\/uploads\/2024\/06\/LaFlammeDansLaMontagne-724x1024.png 724w, https:\/\/compagnielaforetdor.fr\/wp-content\/uploads\/2024\/06\/LaFlammeDansLaMontagne-212x300.png 212w, https:\/\/compagnielaforetdor.fr\/wp-content\/uploads\/2024\/06\/LaFlammeDansLaMontagne-768x1086.png 768w, https:\/\/compagnielaforetdor.fr\/wp-content\/uploads\/2024\/06\/LaFlammeDansLaMontagne.png 842w\" sizes=\"auto, (max-width: 724px) 100vw, 724px\" \/><\/figure>\n<\/div>\n\n\n\n<div class=\"wp-block-column is-layout-flow wp-block-column-is-layout-flow\" style=\"flex-basis:50%\">\n<figure class=\"wp-block-image size-large\"><img loading=\"lazy\" decoding=\"async\" width=\"724\" height=\"1024\" src=\"http:\/\/compagnielaforetdor.fr\/wp-content\/uploads\/2024\/09\/Portrait-LaFlamme-724x1024.png\" alt=\"\" class=\"wp-image-510\" srcset=\"https:\/\/compagnielaforetdor.fr\/wp-content\/uploads\/2024\/09\/Portrait-LaFlamme-724x1024.png 724w, https:\/\/compagnielaforetdor.fr\/wp-content\/uploads\/2024\/09\/Portrait-LaFlamme-212x300.png 212w, https:\/\/compagnielaforetdor.fr\/wp-content\/uploads\/2024\/09\/Portrait-LaFlamme.png 745w\" sizes=\"auto, (max-width: 724px) 100vw, 724px\" \/><\/figure>\n<\/div>\n<\/div>\n<\/div>\n<\/div>\n<\/div><\/div>\n\n\n\n<div class=\"wp-block-buttons is-layout-flex wp-block-buttons-is-layout-flex\">\n<div class=\"wp-block-button is-style-primary\"><a class=\"wp-block-button__link wp-element-button\" href=\"https:\/\/compagnielaforetdor.fr\/index.php\/la-flamme-dans-la-montagne\/\">EN SAVOIR PLUS<\/a><\/div>\n<\/div>\n\n\n\n<div style=\"height:55px\" aria-hidden=\"true\" class=\"wp-block-spacer\"><\/div>\n<\/div><\/div>\n\n\n\n<div style=\"height:75px\" aria-hidden=\"true\" class=\"wp-block-spacer\"><\/div>\n\n\n\n<h2 class=\"wp-block-heading has-neve-text-color-color has-text-color has-link-color wp-elements-b07172b8acc91d76cfbc5cba64f0d674\">TH\u00c9ODORE OU R\u00caVE<\/h2>\n\n\n\n<div style=\"height:25px\" aria-hidden=\"true\" class=\"wp-block-spacer\"><\/div>\n\n\n\n<div class=\"wp-block-columns is-layout-flex wp-container-core-columns-is-layout-9d6595d7 wp-block-columns-is-layout-flex\">\n<div class=\"wp-block-column is-layout-flow wp-block-column-is-layout-flow\">\n<figure class=\"wp-block-image size-large is-resized\"><img loading=\"lazy\" decoding=\"async\" width=\"724\" height=\"1024\" src=\"http:\/\/compagnielaforetdor.fr\/wp-content\/uploads\/2024\/09\/1ereCouv-724x1024.jpg\" alt=\"Affiche Th\u00e9odore ou R\u00eave, septembre 2022. Photo de Lucie Jugel\u00e9\" class=\"wp-image-344\" style=\"aspect-ratio:3\/4;object-fit:cover;width:568px;height:auto\" srcset=\"https:\/\/compagnielaforetdor.fr\/wp-content\/uploads\/2024\/09\/1ereCouv-724x1024.jpg 724w, https:\/\/compagnielaforetdor.fr\/wp-content\/uploads\/2024\/09\/1ereCouv-212x300.jpg 212w, https:\/\/compagnielaforetdor.fr\/wp-content\/uploads\/2024\/09\/1ereCouv-768x1086.jpg 768w, https:\/\/compagnielaforetdor.fr\/wp-content\/uploads\/2024\/09\/1ereCouv-1086x1536.jpg 1086w, https:\/\/compagnielaforetdor.fr\/wp-content\/uploads\/2024\/09\/1ereCouv-1448x2048.jpg 1448w, https:\/\/compagnielaforetdor.fr\/wp-content\/uploads\/2024\/09\/1ereCouv-scaled.jpg 1810w\" sizes=\"auto, (max-width: 724px) 100vw, 724px\" \/><\/figure>\n<\/div>\n\n\n\n<div class=\"wp-block-column is-layout-flow wp-block-column-is-layout-flow\">\n<figure class=\"wp-block-image size-large is-resized\"><img loading=\"lazy\" decoding=\"async\" width=\"683\" height=\"1024\" src=\"http:\/\/compagnielaforetdor.fr\/wp-content\/uploads\/2024\/09\/0_DSC_0887-683x1024.jpg\" alt=\"Th\u00e9odore ou R\u00eave, septembre 2022. Photo de Lucie Jugel\u00e9\" class=\"wp-image-345\" style=\"aspect-ratio:0.75;object-fit:cover;width:568px;height:auto\" srcset=\"https:\/\/compagnielaforetdor.fr\/wp-content\/uploads\/2024\/09\/0_DSC_0887-683x1024.jpg 683w, https:\/\/compagnielaforetdor.fr\/wp-content\/uploads\/2024\/09\/0_DSC_0887-200x300.jpg 200w, https:\/\/compagnielaforetdor.fr\/wp-content\/uploads\/2024\/09\/0_DSC_0887-768x1152.jpg 768w, https:\/\/compagnielaforetdor.fr\/wp-content\/uploads\/2024\/09\/0_DSC_0887-1024x1536.jpg 1024w, https:\/\/compagnielaforetdor.fr\/wp-content\/uploads\/2024\/09\/0_DSC_0887-1365x2048.jpg 1365w, https:\/\/compagnielaforetdor.fr\/wp-content\/uploads\/2024\/09\/0_DSC_0887-scaled.jpg 1707w\" sizes=\"auto, (max-width: 683px) 100vw, 683px\" \/><\/figure>\n<\/div>\n<\/div>\n\n\n\n<div class=\"wp-block-buttons is-layout-flex wp-block-buttons-is-layout-flex\">\n<div class=\"wp-block-button is-style-primary\"><a class=\"wp-block-button__link wp-element-button\" href=\"https:\/\/compagnielaforetdor.fr\/index.php\/theodore-ou-reve\/\">EN SAVOIR PLUS<\/a><\/div>\n<\/div>\n\n\n\n<div style=\"height:23px\" aria-hidden=\"true\" class=\"wp-block-spacer\"><\/div>\n\n\n\n<p><\/p>\n","protected":false},"excerpt":{"rendered":"<p>TH\u00c9ODORE OU R\u00caVE<\/p>\n","protected":false},"author":1,"featured_media":0,"parent":9,"menu_order":0,"comment_status":"closed","ping_status":"closed","template":"","meta":{"neve_meta_sidebar":"default","neve_meta_container":"","neve_meta_enable_content_width":"on","neve_meta_content_width":100,"neve_meta_title_alignment":"","neve_meta_author_avatar":"","neve_post_elements_order":"","neve_meta_disable_header":"","neve_meta_disable_footer":"","neve_meta_disable_title":"on","footnotes":""},"class_list":["post-342","page","type-page","status-publish","hentry"],"_links":{"self":[{"href":"https:\/\/compagnielaforetdor.fr\/index.php\/wp-json\/wp\/v2\/pages\/342","targetHints":{"allow":["GET"]}}],"collection":[{"href":"https:\/\/compagnielaforetdor.fr\/index.php\/wp-json\/wp\/v2\/pages"}],"about":[{"href":"https:\/\/compagnielaforetdor.fr\/index.php\/wp-json\/wp\/v2\/types\/page"}],"author":[{"embeddable":true,"href":"https:\/\/compagnielaforetdor.fr\/index.php\/wp-json\/wp\/v2\/users\/1"}],"replies":[{"embeddable":true,"href":"https:\/\/compagnielaforetdor.fr\/index.php\/wp-json\/wp\/v2\/comments?post=342"}],"version-history":[{"count":9,"href":"https:\/\/compagnielaforetdor.fr\/index.php\/wp-json\/wp\/v2\/pages\/342\/revisions"}],"predecessor-version":[{"id":511,"href":"https:\/\/compagnielaforetdor.fr\/index.php\/wp-json\/wp\/v2\/pages\/342\/revisions\/511"}],"up":[{"embeddable":true,"href":"https:\/\/compagnielaforetdor.fr\/index.php\/wp-json\/wp\/v2\/pages\/9"}],"wp:attachment":[{"href":"https:\/\/compagnielaforetdor.fr\/index.php\/wp-json\/wp\/v2\/media?parent=342"}],"curies":[{"name":"wp","href":"https:\/\/api.w.org\/{rel}","templated":true}]}}