{"id":244,"date":"2024-09-07T13:45:55","date_gmt":"2024-09-07T11:45:55","guid":{"rendered":"https:\/\/compagnielaforetdor.fr\/?page_id=244"},"modified":"2025-04-14T15:22:07","modified_gmt":"2025-04-14T13:22:07","slug":"la-flamme-dans-la-montagne","status":"publish","type":"page","link":"https:\/\/compagnielaforetdor.fr\/index.php\/la-flamme-dans-la-montagne\/","title":{"rendered":"LA FLAMME DANS LA MONTAGNE"},"content":{"rendered":"\n<div class=\"wp-block-cover alignfull is-light\" style=\"min-height:734px;aspect-ratio:unset;\"><span aria-hidden=\"true\" class=\"wp-block-cover__background has-nv-site-bg-background-color has-background-dim-100 has-background-dim\"><\/span><div class=\"wp-block-cover__inner-container is-layout-flow wp-block-cover-is-layout-flow\">\n<div style=\"height:80px\" aria-hidden=\"true\" class=\"wp-block-spacer\"><\/div>\n\n\n\n<div class=\"wp-block-group\"><div class=\"wp-block-group__inner-container is-layout-flow wp-block-group-is-layout-flow\">\n<div class=\"wp-block-group\"><div class=\"wp-block-group__inner-container is-layout-constrained wp-block-group-is-layout-constrained\">\n<h1 class=\"wp-block-heading has-neve-link-hover-color-color has-text-color has-link-color wp-elements-c9885ed6544acd5fe7d033690836d3f4\">LA FLAMME DANS LA MONTAGNE<\/h1>\n<\/div><\/div>\n<\/div><\/div>\n\n\n\n<div style=\"height:50px\" aria-hidden=\"true\" class=\"wp-block-spacer\"><\/div>\n\n\n\n<div class=\"wp-block-columns is-layout-flex wp-container-core-columns-is-layout-9d6595d7 wp-block-columns-is-layout-flex\">\n<div class=\"wp-block-column is-layout-flow wp-block-column-is-layout-flow\">\n<figure class=\"wp-block-image size-large is-resized\"><img loading=\"lazy\" decoding=\"async\" width=\"1024\" height=\"574\" src=\"http:\/\/compagnielaforetdor.fr\/wp-content\/uploads\/2024\/09\/Capture-decran-2024-08-26-a-22.10.26-1024x574.png\" alt=\"\" class=\"wp-image-370\" style=\"width:1167px;height:auto\" srcset=\"https:\/\/compagnielaforetdor.fr\/wp-content\/uploads\/2024\/09\/Capture-decran-2024-08-26-a-22.10.26-1024x574.png 1024w, https:\/\/compagnielaforetdor.fr\/wp-content\/uploads\/2024\/09\/Capture-decran-2024-08-26-a-22.10.26-300x168.png 300w, https:\/\/compagnielaforetdor.fr\/wp-content\/uploads\/2024\/09\/Capture-decran-2024-08-26-a-22.10.26-768x431.png 768w, https:\/\/compagnielaforetdor.fr\/wp-content\/uploads\/2024\/09\/Capture-decran-2024-08-26-a-22.10.26-1536x861.png 1536w, https:\/\/compagnielaforetdor.fr\/wp-content\/uploads\/2024\/09\/Capture-decran-2024-08-26-a-22.10.26.png 1878w\" sizes=\"auto, (max-width: 1024px) 100vw, 1024px\" \/><\/figure>\n<\/div>\n<\/div>\n\n\n\n<div style=\"height:50px\" aria-hidden=\"true\" class=\"wp-block-spacer\"><\/div>\n<\/div><\/div>\n\n\n\n<div class=\"wp-block-cover alignfull is-light\" style=\"min-height:600px;aspect-ratio:unset;\"><span aria-hidden=\"true\" class=\"wp-block-cover__background has-nv-light-bg-background-color has-background-dim-100 has-background-dim\"><\/span><div class=\"wp-block-cover__inner-container is-layout-flow wp-block-cover-is-layout-flow\">\n<div class=\"wp-block-group\"><div class=\"wp-block-group__inner-container is-layout-flow wp-block-group-is-layout-flow\">\n<div style=\"height:80px\" aria-hidden=\"true\" class=\"wp-block-spacer\"><\/div>\n\n\n\n<div class=\"wp-block-group\"><div class=\"wp-block-group__inner-container is-layout-constrained wp-block-group-is-layout-constrained\">\n<div class=\"wp-block-columns is-layout-flex wp-container-core-columns-is-layout-9d6595d7 wp-block-columns-is-layout-flex\">\n<div class=\"wp-block-column is-layout-flow wp-block-column-is-layout-flow\">\n<h2 class=\"wp-block-heading has-neve-link-hover-color-color has-text-color has-link-color wp-elements-ced2912640cbcb6ede74caf8190fbf33\">R\u00c9SUM\u00c9<\/h2>\n\n\n\n<p class=\"has-neve-link-hover-color-color has-text-color has-link-color wp-elements-ecf123235d86fc45792e8abab129768b\">La Flamme Dans La Montagne est un compte initiatique de No\u00ebl.<br><br>Tuli et Tulo, une petite grande s\u0153ur et son grand petit fr\u00e8re, nous racontent leur<br>premier No\u00ebl apr\u00e8s la s\u00e9paration de leurs parents.<br><br>Apr\u00e8s avoir lu dans un magazine chez le m\u00e9decin \u00ab\u00a0retrouvez la flamme de votre couple\u00a0\u00bb, ils ont d\u00e9cid\u00e9 de partir \u00e0 l&rsquo;aventure dans le but de retrouver la flamme qui r\u00e9unira leurs parents, en se guidant de la chanson de leur grand-m\u00e8re<br>qu&rsquo;ils prennent pour une \u00e9nigme.<br><br>Ont-ils r\u00e9ussi \u00e0 atteindre leur but avant No\u00ebl ?<\/p>\n<\/div>\n\n\n\n<div class=\"wp-block-column is-vertically-aligned-bottom is-layout-flow wp-block-column-is-layout-flow\"><div class=\"wp-block-image\">\n<figure class=\"aligncenter size-large\"><img loading=\"lazy\" decoding=\"async\" width=\"1024\" height=\"560\" src=\"http:\/\/compagnielaforetdor.fr\/wp-content\/uploads\/2024\/09\/Capture-decran-2024-08-26-a-22.05.23-1024x560.png\" alt=\"\" class=\"wp-image-360\" style=\"aspect-ratio:1.5;object-fit:cover\" srcset=\"https:\/\/compagnielaforetdor.fr\/wp-content\/uploads\/2024\/09\/Capture-decran-2024-08-26-a-22.05.23-1024x560.png 1024w, https:\/\/compagnielaforetdor.fr\/wp-content\/uploads\/2024\/09\/Capture-decran-2024-08-26-a-22.05.23-300x164.png 300w, https:\/\/compagnielaforetdor.fr\/wp-content\/uploads\/2024\/09\/Capture-decran-2024-08-26-a-22.05.23-768x420.png 768w, https:\/\/compagnielaforetdor.fr\/wp-content\/uploads\/2024\/09\/Capture-decran-2024-08-26-a-22.05.23-1536x840.png 1536w, https:\/\/compagnielaforetdor.fr\/wp-content\/uploads\/2024\/09\/Capture-decran-2024-08-26-a-22.05.23.png 1893w\" sizes=\"auto, (max-width: 1024px) 100vw, 1024px\" \/><\/figure>\n<\/div><\/div>\n<\/div>\n<\/div><\/div>\n<\/div><\/div>\n\n\n\n<div style=\"height:50px\" aria-hidden=\"true\" class=\"wp-block-spacer\"><\/div>\n<\/div><\/div>\n\n\n\n<div style=\"height:80px\" aria-hidden=\"true\" class=\"wp-block-spacer\"><\/div>\n\n\n\n<div class=\"wp-block-cover alignfull is-light\" style=\"min-height:1257px;aspect-ratio:unset;\"><span aria-hidden=\"true\" class=\"wp-block-cover__background has-nv-site-bg-background-color has-background-dim-100 has-background-dim\"><\/span><div class=\"wp-block-cover__inner-container is-layout-flow wp-block-cover-is-layout-flow\">\n<h2 class=\"wp-block-heading has-neve-link-hover-color-color has-text-color has-link-color wp-elements-e84a1de32b5c499847c707143ae21bf4\">EN IMAGES<\/h2>\n\n\n\n<div style=\"height:50px\" aria-hidden=\"true\" class=\"wp-block-spacer\"><\/div>\n\n\n\n<div class=\"wp-block-group\"><div class=\"wp-block-group__inner-container is-layout-flow wp-block-group-is-layout-flow\">\n<div class=\"wp-block-columns is-layout-flex wp-container-core-columns-is-layout-9d6595d7 wp-block-columns-is-layout-flex\">\n<div class=\"wp-block-column is-layout-flow wp-block-column-is-layout-flow\">\n<figure data-wp-context=\"{&quot;imageId&quot;:&quot;69d55683cd003&quot;}\" data-wp-interactive=\"core\/image\" data-wp-key=\"69d55683cd003\" class=\"wp-block-image size-large is-resized wp-lightbox-container\"><img loading=\"lazy\" decoding=\"async\" width=\"1024\" height=\"579\" data-wp-class--hide=\"state.isContentHidden\" data-wp-class--show=\"state.isContentVisible\" data-wp-init=\"callbacks.setButtonStyles\" data-wp-on--click=\"actions.showLightbox\" data-wp-on--load=\"callbacks.setButtonStyles\" data-wp-on-window--resize=\"callbacks.setButtonStyles\" src=\"http:\/\/compagnielaforetdor.fr\/wp-content\/uploads\/2024\/09\/Capture-decran-2024-08-26-a-22.07.55-1024x579.png\" alt=\"\" class=\"wp-image-364\" style=\"width:568px;height:auto\" srcset=\"https:\/\/compagnielaforetdor.fr\/wp-content\/uploads\/2024\/09\/Capture-decran-2024-08-26-a-22.07.55-1024x579.png 1024w, https:\/\/compagnielaforetdor.fr\/wp-content\/uploads\/2024\/09\/Capture-decran-2024-08-26-a-22.07.55-300x170.png 300w, https:\/\/compagnielaforetdor.fr\/wp-content\/uploads\/2024\/09\/Capture-decran-2024-08-26-a-22.07.55-768x434.png 768w, https:\/\/compagnielaforetdor.fr\/wp-content\/uploads\/2024\/09\/Capture-decran-2024-08-26-a-22.07.55-1536x868.png 1536w, https:\/\/compagnielaforetdor.fr\/wp-content\/uploads\/2024\/09\/Capture-decran-2024-08-26-a-22.07.55.png 1869w\" sizes=\"auto, (max-width: 1024px) 100vw, 1024px\" \/><button\n\t\t\tclass=\"lightbox-trigger\"\n\t\t\ttype=\"button\"\n\t\t\taria-haspopup=\"dialog\"\n\t\t\taria-label=\"Agrandir\"\n\t\t\tdata-wp-init=\"callbacks.initTriggerButton\"\n\t\t\tdata-wp-on--click=\"actions.showLightbox\"\n\t\t\tdata-wp-style--right=\"state.imageButtonRight\"\n\t\t\tdata-wp-style--top=\"state.imageButtonTop\"\n\t\t>\n\t\t\t<svg xmlns=\"http:\/\/www.w3.org\/2000\/svg\" width=\"12\" height=\"12\" fill=\"none\" viewBox=\"0 0 12 12\">\n\t\t\t\t<path fill=\"#fff\" d=\"M2 0a2 2 0 0 0-2 2v2h1.5V2a.5.5 0 0 1 .5-.5h2V0H2Zm2 10.5H2a.5.5 0 0 1-.5-.5V8H0v2a2 2 0 0 0 2 2h2v-1.5ZM8 12v-1.5h2a.5.5 0 0 0 .5-.5V8H12v2a2 2 0 0 1-2 2H8Zm2-12a2 2 0 0 1 2 2v2h-1.5V2a.5.5 0 0 0-.5-.5H8V0h2Z\" \/>\n\t\t\t<\/svg>\n\t\t<\/button><\/figure>\n\n\n\n<div style=\"height:20px\" aria-hidden=\"true\" class=\"wp-block-spacer\"><\/div>\n\n\n\n<figure data-wp-context=\"{&quot;imageId&quot;:&quot;69d55683cd4ff&quot;}\" data-wp-interactive=\"core\/image\" data-wp-key=\"69d55683cd4ff\" class=\"wp-block-image size-large wp-lightbox-container\"><img loading=\"lazy\" decoding=\"async\" width=\"1024\" height=\"574\" data-wp-class--hide=\"state.isContentHidden\" data-wp-class--show=\"state.isContentVisible\" data-wp-init=\"callbacks.setButtonStyles\" data-wp-on--click=\"actions.showLightbox\" data-wp-on--load=\"callbacks.setButtonStyles\" data-wp-on-window--resize=\"callbacks.setButtonStyles\" src=\"http:\/\/compagnielaforetdor.fr\/wp-content\/uploads\/2024\/09\/Capture-decran-2024-08-26-a-22.07.26-1024x574.png\" alt=\"\" class=\"wp-image-363\" srcset=\"https:\/\/compagnielaforetdor.fr\/wp-content\/uploads\/2024\/09\/Capture-decran-2024-08-26-a-22.07.26-1024x574.png 1024w, https:\/\/compagnielaforetdor.fr\/wp-content\/uploads\/2024\/09\/Capture-decran-2024-08-26-a-22.07.26-300x168.png 300w, https:\/\/compagnielaforetdor.fr\/wp-content\/uploads\/2024\/09\/Capture-decran-2024-08-26-a-22.07.26-768x430.png 768w, https:\/\/compagnielaforetdor.fr\/wp-content\/uploads\/2024\/09\/Capture-decran-2024-08-26-a-22.07.26-1536x861.png 1536w, https:\/\/compagnielaforetdor.fr\/wp-content\/uploads\/2024\/09\/Capture-decran-2024-08-26-a-22.07.26.png 1884w\" sizes=\"auto, (max-width: 1024px) 100vw, 1024px\" \/><button\n\t\t\tclass=\"lightbox-trigger\"\n\t\t\ttype=\"button\"\n\t\t\taria-haspopup=\"dialog\"\n\t\t\taria-label=\"Agrandir\"\n\t\t\tdata-wp-init=\"callbacks.initTriggerButton\"\n\t\t\tdata-wp-on--click=\"actions.showLightbox\"\n\t\t\tdata-wp-style--right=\"state.imageButtonRight\"\n\t\t\tdata-wp-style--top=\"state.imageButtonTop\"\n\t\t>\n\t\t\t<svg xmlns=\"http:\/\/www.w3.org\/2000\/svg\" width=\"12\" height=\"12\" fill=\"none\" viewBox=\"0 0 12 12\">\n\t\t\t\t<path fill=\"#fff\" d=\"M2 0a2 2 0 0 0-2 2v2h1.5V2a.5.5 0 0 1 .5-.5h2V0H2Zm2 10.5H2a.5.5 0 0 1-.5-.5V8H0v2a2 2 0 0 0 2 2h2v-1.5ZM8 12v-1.5h2a.5.5 0 0 0 .5-.5V8H12v2a2 2 0 0 1-2 2H8Zm2-12a2 2 0 0 1 2 2v2h-1.5V2a.5.5 0 0 0-.5-.5H8V0h2Z\" \/>\n\t\t\t<\/svg>\n\t\t<\/button><\/figure>\n\n\n\n<div style=\"height:20px\" aria-hidden=\"true\" class=\"wp-block-spacer\"><\/div>\n\n\n\n<figure data-wp-context=\"{&quot;imageId&quot;:&quot;69d55683cd920&quot;}\" data-wp-interactive=\"core\/image\" data-wp-key=\"69d55683cd920\" class=\"wp-block-image size-large wp-lightbox-container\"><img loading=\"lazy\" decoding=\"async\" width=\"1024\" height=\"576\" data-wp-class--hide=\"state.isContentHidden\" data-wp-class--show=\"state.isContentVisible\" data-wp-init=\"callbacks.setButtonStyles\" data-wp-on--click=\"actions.showLightbox\" data-wp-on--load=\"callbacks.setButtonStyles\" data-wp-on-window--resize=\"callbacks.setButtonStyles\" src=\"http:\/\/compagnielaforetdor.fr\/wp-content\/uploads\/2024\/09\/Capture-decran-2024-08-26-a-21.57.12-1024x576.png\" alt=\"\" class=\"wp-image-376\" srcset=\"https:\/\/compagnielaforetdor.fr\/wp-content\/uploads\/2024\/09\/Capture-decran-2024-08-26-a-21.57.12-1024x576.png 1024w, https:\/\/compagnielaforetdor.fr\/wp-content\/uploads\/2024\/09\/Capture-decran-2024-08-26-a-21.57.12-300x169.png 300w, https:\/\/compagnielaforetdor.fr\/wp-content\/uploads\/2024\/09\/Capture-decran-2024-08-26-a-21.57.12-768x432.png 768w, https:\/\/compagnielaforetdor.fr\/wp-content\/uploads\/2024\/09\/Capture-decran-2024-08-26-a-21.57.12-1536x864.png 1536w, https:\/\/compagnielaforetdor.fr\/wp-content\/uploads\/2024\/09\/Capture-decran-2024-08-26-a-21.57.12.png 1872w\" sizes=\"auto, (max-width: 1024px) 100vw, 1024px\" \/><button\n\t\t\tclass=\"lightbox-trigger\"\n\t\t\ttype=\"button\"\n\t\t\taria-haspopup=\"dialog\"\n\t\t\taria-label=\"Agrandir\"\n\t\t\tdata-wp-init=\"callbacks.initTriggerButton\"\n\t\t\tdata-wp-on--click=\"actions.showLightbox\"\n\t\t\tdata-wp-style--right=\"state.imageButtonRight\"\n\t\t\tdata-wp-style--top=\"state.imageButtonTop\"\n\t\t>\n\t\t\t<svg xmlns=\"http:\/\/www.w3.org\/2000\/svg\" width=\"12\" height=\"12\" fill=\"none\" viewBox=\"0 0 12 12\">\n\t\t\t\t<path fill=\"#fff\" d=\"M2 0a2 2 0 0 0-2 2v2h1.5V2a.5.5 0 0 1 .5-.5h2V0H2Zm2 10.5H2a.5.5 0 0 1-.5-.5V8H0v2a2 2 0 0 0 2 2h2v-1.5ZM8 12v-1.5h2a.5.5 0 0 0 .5-.5V8H12v2a2 2 0 0 1-2 2H8Zm2-12a2 2 0 0 1 2 2v2h-1.5V2a.5.5 0 0 0-.5-.5H8V0h2Z\" \/>\n\t\t\t<\/svg>\n\t\t<\/button><\/figure>\n<\/div>\n\n\n\n<div class=\"wp-block-column is-layout-flow wp-block-column-is-layout-flow\">\n<figure data-wp-context=\"{&quot;imageId&quot;:&quot;69d55683cdd83&quot;}\" data-wp-interactive=\"core\/image\" data-wp-key=\"69d55683cdd83\" class=\"wp-block-image size-large wp-lightbox-container\"><img loading=\"lazy\" decoding=\"async\" width=\"1024\" height=\"576\" data-wp-class--hide=\"state.isContentHidden\" data-wp-class--show=\"state.isContentVisible\" data-wp-init=\"callbacks.setButtonStyles\" data-wp-on--click=\"actions.showLightbox\" data-wp-on--load=\"callbacks.setButtonStyles\" data-wp-on-window--resize=\"callbacks.setButtonStyles\" src=\"http:\/\/compagnielaforetdor.fr\/wp-content\/uploads\/2024\/09\/Capture-decran-2024-08-26-a-21.59.20-1024x576.png\" alt=\"\" class=\"wp-image-366\" srcset=\"https:\/\/compagnielaforetdor.fr\/wp-content\/uploads\/2024\/09\/Capture-decran-2024-08-26-a-21.59.20-1024x576.png 1024w, https:\/\/compagnielaforetdor.fr\/wp-content\/uploads\/2024\/09\/Capture-decran-2024-08-26-a-21.59.20-300x169.png 300w, https:\/\/compagnielaforetdor.fr\/wp-content\/uploads\/2024\/09\/Capture-decran-2024-08-26-a-21.59.20-768x432.png 768w, https:\/\/compagnielaforetdor.fr\/wp-content\/uploads\/2024\/09\/Capture-decran-2024-08-26-a-21.59.20-1536x864.png 1536w, https:\/\/compagnielaforetdor.fr\/wp-content\/uploads\/2024\/09\/Capture-decran-2024-08-26-a-21.59.20.png 1878w\" sizes=\"auto, (max-width: 1024px) 100vw, 1024px\" \/><button\n\t\t\tclass=\"lightbox-trigger\"\n\t\t\ttype=\"button\"\n\t\t\taria-haspopup=\"dialog\"\n\t\t\taria-label=\"Agrandir\"\n\t\t\tdata-wp-init=\"callbacks.initTriggerButton\"\n\t\t\tdata-wp-on--click=\"actions.showLightbox\"\n\t\t\tdata-wp-style--right=\"state.imageButtonRight\"\n\t\t\tdata-wp-style--top=\"state.imageButtonTop\"\n\t\t>\n\t\t\t<svg xmlns=\"http:\/\/www.w3.org\/2000\/svg\" width=\"12\" height=\"12\" fill=\"none\" viewBox=\"0 0 12 12\">\n\t\t\t\t<path fill=\"#fff\" d=\"M2 0a2 2 0 0 0-2 2v2h1.5V2a.5.5 0 0 1 .5-.5h2V0H2Zm2 10.5H2a.5.5 0 0 1-.5-.5V8H0v2a2 2 0 0 0 2 2h2v-1.5ZM8 12v-1.5h2a.5.5 0 0 0 .5-.5V8H12v2a2 2 0 0 1-2 2H8Zm2-12a2 2 0 0 1 2 2v2h-1.5V2a.5.5 0 0 0-.5-.5H8V0h2Z\" \/>\n\t\t\t<\/svg>\n\t\t<\/button><\/figure>\n\n\n\n<div style=\"height:20px\" aria-hidden=\"true\" class=\"wp-block-spacer\"><\/div>\n\n\n\n<figure data-wp-context=\"{&quot;imageId&quot;:&quot;69d55683ce199&quot;}\" data-wp-interactive=\"core\/image\" data-wp-key=\"69d55683ce199\" class=\"wp-block-image size-large wp-lightbox-container\"><img loading=\"lazy\" decoding=\"async\" width=\"1024\" height=\"575\" data-wp-class--hide=\"state.isContentHidden\" data-wp-class--show=\"state.isContentVisible\" data-wp-init=\"callbacks.setButtonStyles\" data-wp-on--click=\"actions.showLightbox\" data-wp-on--load=\"callbacks.setButtonStyles\" data-wp-on-window--resize=\"callbacks.setButtonStyles\" src=\"http:\/\/compagnielaforetdor.fr\/wp-content\/uploads\/2024\/09\/Capture-decran-2024-08-26-a-22.05.09-1024x575.png\" alt=\"\" class=\"wp-image-359\" srcset=\"https:\/\/compagnielaforetdor.fr\/wp-content\/uploads\/2024\/09\/Capture-decran-2024-08-26-a-22.05.09-1024x575.png 1024w, https:\/\/compagnielaforetdor.fr\/wp-content\/uploads\/2024\/09\/Capture-decran-2024-08-26-a-22.05.09-300x168.png 300w, https:\/\/compagnielaforetdor.fr\/wp-content\/uploads\/2024\/09\/Capture-decran-2024-08-26-a-22.05.09-768x431.png 768w, https:\/\/compagnielaforetdor.fr\/wp-content\/uploads\/2024\/09\/Capture-decran-2024-08-26-a-22.05.09-1536x862.png 1536w, https:\/\/compagnielaforetdor.fr\/wp-content\/uploads\/2024\/09\/Capture-decran-2024-08-26-a-22.05.09.png 1881w\" sizes=\"auto, (max-width: 1024px) 100vw, 1024px\" \/><button\n\t\t\tclass=\"lightbox-trigger\"\n\t\t\ttype=\"button\"\n\t\t\taria-haspopup=\"dialog\"\n\t\t\taria-label=\"Agrandir\"\n\t\t\tdata-wp-init=\"callbacks.initTriggerButton\"\n\t\t\tdata-wp-on--click=\"actions.showLightbox\"\n\t\t\tdata-wp-style--right=\"state.imageButtonRight\"\n\t\t\tdata-wp-style--top=\"state.imageButtonTop\"\n\t\t>\n\t\t\t<svg xmlns=\"http:\/\/www.w3.org\/2000\/svg\" width=\"12\" height=\"12\" fill=\"none\" viewBox=\"0 0 12 12\">\n\t\t\t\t<path fill=\"#fff\" d=\"M2 0a2 2 0 0 0-2 2v2h1.5V2a.5.5 0 0 1 .5-.5h2V0H2Zm2 10.5H2a.5.5 0 0 1-.5-.5V8H0v2a2 2 0 0 0 2 2h2v-1.5ZM8 12v-1.5h2a.5.5 0 0 0 .5-.5V8H12v2a2 2 0 0 1-2 2H8Zm2-12a2 2 0 0 1 2 2v2h-1.5V2a.5.5 0 0 0-.5-.5H8V0h2Z\" \/>\n\t\t\t<\/svg>\n\t\t<\/button><\/figure>\n\n\n\n<div style=\"height:20px\" aria-hidden=\"true\" class=\"wp-block-spacer\"><\/div>\n\n\n\n<figure data-wp-context=\"{&quot;imageId&quot;:&quot;69d55683ce5f8&quot;}\" data-wp-interactive=\"core\/image\" data-wp-key=\"69d55683ce5f8\" class=\"wp-block-image size-large is-resized wp-lightbox-container\"><img loading=\"lazy\" decoding=\"async\" width=\"1024\" height=\"576\" data-wp-class--hide=\"state.isContentHidden\" data-wp-class--show=\"state.isContentVisible\" data-wp-init=\"callbacks.setButtonStyles\" data-wp-on--click=\"actions.showLightbox\" data-wp-on--load=\"callbacks.setButtonStyles\" data-wp-on-window--resize=\"callbacks.setButtonStyles\" src=\"https:\/\/compagnielaforetdor.fr\/wp-content\/uploads\/2024\/09\/Capture-decran-2024-08-26-a-22.01.30-1024x576.png\" alt=\"\" class=\"wp-image-367\" style=\"width:567px;height:auto\" srcset=\"https:\/\/compagnielaforetdor.fr\/wp-content\/uploads\/2024\/09\/Capture-decran-2024-08-26-a-22.01.30-1024x576.png 1024w, https:\/\/compagnielaforetdor.fr\/wp-content\/uploads\/2024\/09\/Capture-decran-2024-08-26-a-22.01.30-300x169.png 300w, https:\/\/compagnielaforetdor.fr\/wp-content\/uploads\/2024\/09\/Capture-decran-2024-08-26-a-22.01.30-768x432.png 768w, https:\/\/compagnielaforetdor.fr\/wp-content\/uploads\/2024\/09\/Capture-decran-2024-08-26-a-22.01.30-1536x864.png 1536w, https:\/\/compagnielaforetdor.fr\/wp-content\/uploads\/2024\/09\/Capture-decran-2024-08-26-a-22.01.30.png 1878w\" sizes=\"auto, (max-width: 1024px) 100vw, 1024px\" \/><button\n\t\t\tclass=\"lightbox-trigger\"\n\t\t\ttype=\"button\"\n\t\t\taria-haspopup=\"dialog\"\n\t\t\taria-label=\"Agrandir\"\n\t\t\tdata-wp-init=\"callbacks.initTriggerButton\"\n\t\t\tdata-wp-on--click=\"actions.showLightbox\"\n\t\t\tdata-wp-style--right=\"state.imageButtonRight\"\n\t\t\tdata-wp-style--top=\"state.imageButtonTop\"\n\t\t>\n\t\t\t<svg xmlns=\"http:\/\/www.w3.org\/2000\/svg\" width=\"12\" height=\"12\" fill=\"none\" viewBox=\"0 0 12 12\">\n\t\t\t\t<path fill=\"#fff\" d=\"M2 0a2 2 0 0 0-2 2v2h1.5V2a.5.5 0 0 1 .5-.5h2V0H2Zm2 10.5H2a.5.5 0 0 1-.5-.5V8H0v2a2 2 0 0 0 2 2h2v-1.5ZM8 12v-1.5h2a.5.5 0 0 0 .5-.5V8H12v2a2 2 0 0 1-2 2H8Zm2-12a2 2 0 0 1 2 2v2h-1.5V2a.5.5 0 0 0-.5-.5H8V0h2Z\" \/>\n\t\t\t<\/svg>\n\t\t<\/button><\/figure>\n<\/div>\n<\/div>\n\n\n\n<div style=\"height:20px\" aria-hidden=\"true\" class=\"wp-block-spacer\"><\/div>\n<\/div><\/div>\n\n\n\n<div style=\"height:50px\" aria-hidden=\"true\" class=\"wp-block-spacer\"><\/div>\n<\/div><\/div>\n\n\n\n<div class=\"wp-block-cover alignfull\"><span aria-hidden=\"true\" class=\"wp-block-cover__background has-nv-light-bg-background-color has-background-dim-100 has-background-dim\"><\/span><div class=\"wp-block-cover__inner-container is-layout-constrained wp-block-cover-is-layout-constrained\">\n<div style=\"height:80px\" aria-hidden=\"true\" class=\"wp-block-spacer\"><\/div>\n\n\n\n<h2 class=\"wp-block-heading has-text-align-left has-neve-link-hover-color-color has-text-color has-link-color has-large-font-size wp-elements-4f011704d575370c0e365f0b0c198c0f\">TEASER<\/h2>\n\n\n\n<div style=\"height:50px\" aria-hidden=\"true\" class=\"wp-block-spacer\"><\/div>\n\n\n\n<figure class=\"wp-block-embed is-type-video is-provider-youtube wp-block-embed-youtube wp-embed-aspect-16-9 wp-has-aspect-ratio\"><div class=\"wp-block-embed__wrapper\">\n<div class=\"nv-iframe-embed\"><iframe loading=\"lazy\" title=\"La Flamme Dans La Montagne, bande annonce\" width=\"1200\" height=\"675\" src=\"https:\/\/www.youtube.com\/embed\/8zDnwpbgCm8?feature=oembed\" frameborder=\"0\" allow=\"accelerometer; autoplay; clipboard-write; encrypted-media; gyroscope; picture-in-picture; web-share\" referrerpolicy=\"strict-origin-when-cross-origin\" allowfullscreen><\/iframe><\/div>\n<\/div><\/figure>\n\n\n\n<div style=\"height:50px\" aria-hidden=\"true\" class=\"wp-block-spacer\"><\/div>\n<\/div><\/div>\n\n\n\n<div style=\"height:80px\" aria-hidden=\"true\" class=\"wp-block-spacer\"><\/div>\n\n\n\n<div class=\"wp-block-cover alignfull\" style=\"min-height:266px;aspect-ratio:unset;\"><span aria-hidden=\"true\" class=\"wp-block-cover__background has-nv-site-bg-background-color has-background-dim-100 has-background-dim\"><\/span><div class=\"wp-block-cover__inner-container is-layout-constrained wp-block-cover-is-layout-constrained\">\n<h2 class=\"wp-block-heading has-text-align-left has-neve-link-hover-color-color has-text-color has-link-color has-large-font-size wp-elements-b6f042f6a8c2928996aa7b9ee8327161\">DOSSIER ARTISTIQUE<\/h2>\n\n\n\n<div style=\"height:50px\" aria-hidden=\"true\" class=\"wp-block-spacer\"><\/div>\n\n\n\n<div data-wp-interactive=\"core\/file\" class=\"wp-block-file\"><object data-wp-bind--hidden=\"!state.hasPdfPreview\" hidden class=\"wp-block-file__embed\" data=\"https:\/\/compagnielaforetdor.fr\/wp-content\/uploads\/2025\/04\/1_Web_THEATRES_DossierArtistique_LaFlammeDansLaMontagne.pdf\" type=\"application\/pdf\" style=\"width:100%;height:600px\" aria-label=\"Contenu embarqu\u00e9 1_Web_THEATRES_DossierArtistique_LaFlammeDansLaMontagne.\"><\/object><a id=\"wp-block-file--media-7a417f88-134d-4451-9e99-106c6605b867\" href=\"https:\/\/compagnielaforetdor.fr\/wp-content\/uploads\/2025\/04\/1_Web_THEATRES_DossierArtistique_LaFlammeDansLaMontagne.pdf\">1_Web_THEATRES_DossierArtistique_LaFlammeDansLaMontagne<\/a><a href=\"https:\/\/compagnielaforetdor.fr\/wp-content\/uploads\/2025\/04\/1_Web_THEATRES_DossierArtistique_LaFlammeDansLaMontagne.pdf\" class=\"wp-block-file__button wp-element-button\" download aria-describedby=\"wp-block-file--media-7a417f88-134d-4451-9e99-106c6605b867\">T\u00e9l\u00e9charger<\/a><\/div>\n<\/div><\/div>\n\n\n\n<div style=\"height:80px\" aria-hidden=\"true\" class=\"wp-block-spacer\"><\/div>\n\n\n\n<h2 class=\"wp-block-heading has-text-align-left has-neve-link-hover-color-color has-text-color has-link-color has-large-font-size wp-elements-025b343ad5872dd3f0aed01c442d491c\">DOSSIER POUR LES SCOLAIRES<\/h2>\n\n\n\n<div style=\"height:50px\" aria-hidden=\"true\" class=\"wp-block-spacer\"><\/div>\n\n\n\n<div data-wp-interactive=\"core\/file\" class=\"wp-block-file\"><object data-wp-bind--hidden=\"!state.hasPdfPreview\" hidden class=\"wp-block-file__embed\" data=\"https:\/\/compagnielaforetdor.fr\/wp-content\/uploads\/2025\/04\/1_Web_ECOLES_SiteInternet_DossierArtistiqueEtPedagogique_LaFlammeDansLaMontagne.pdf\" type=\"application\/pdf\" style=\"width:100%;height:600px\" aria-label=\"Contenu embarqu\u00e9 1_Web_ECOLES_SiteInternet_DossierArtistiqueEtPedagogique_LaFlammeDansLaMontagne.\"><\/object><a id=\"wp-block-file--media-27bad191-c99f-493a-bbf1-b588245d478d\" href=\"https:\/\/compagnielaforetdor.fr\/wp-content\/uploads\/2025\/04\/1_Web_ECOLES_SiteInternet_DossierArtistiqueEtPedagogique_LaFlammeDansLaMontagne.pdf\">1_Web_ECOLES_SiteInternet_DossierArtistiqueEtPedagogique_LaFlammeDansLaMontagne<\/a><a href=\"https:\/\/compagnielaforetdor.fr\/wp-content\/uploads\/2025\/04\/1_Web_ECOLES_SiteInternet_DossierArtistiqueEtPedagogique_LaFlammeDansLaMontagne.pdf\" class=\"wp-block-file__button wp-element-button\" download aria-describedby=\"wp-block-file--media-27bad191-c99f-493a-bbf1-b588245d478d\">T\u00e9l\u00e9charger<\/a><\/div>\n","protected":false},"excerpt":{"rendered":"<p>DOSSIER POUR LES SCOLAIRES<\/p>\n","protected":false},"author":1,"featured_media":0,"parent":0,"menu_order":0,"comment_status":"closed","ping_status":"closed","template":"","meta":{"neve_meta_sidebar":"","neve_meta_container":"","neve_meta_enable_content_width":"on","neve_meta_content_width":100,"neve_meta_title_alignment":"","neve_meta_author_avatar":"","neve_post_elements_order":"","neve_meta_disable_header":"","neve_meta_disable_footer":"","neve_meta_disable_title":"on","footnotes":""},"class_list":["post-244","page","type-page","status-publish","hentry"],"_links":{"self":[{"href":"https:\/\/compagnielaforetdor.fr\/index.php\/wp-json\/wp\/v2\/pages\/244","targetHints":{"allow":["GET"]}}],"collection":[{"href":"https:\/\/compagnielaforetdor.fr\/index.php\/wp-json\/wp\/v2\/pages"}],"about":[{"href":"https:\/\/compagnielaforetdor.fr\/index.php\/wp-json\/wp\/v2\/types\/page"}],"author":[{"embeddable":true,"href":"https:\/\/compagnielaforetdor.fr\/index.php\/wp-json\/wp\/v2\/users\/1"}],"replies":[{"embeddable":true,"href":"https:\/\/compagnielaforetdor.fr\/index.php\/wp-json\/wp\/v2\/comments?post=244"}],"version-history":[{"count":19,"href":"https:\/\/compagnielaforetdor.fr\/index.php\/wp-json\/wp\/v2\/pages\/244\/revisions"}],"predecessor-version":[{"id":530,"href":"https:\/\/compagnielaforetdor.fr\/index.php\/wp-json\/wp\/v2\/pages\/244\/revisions\/530"}],"wp:attachment":[{"href":"https:\/\/compagnielaforetdor.fr\/index.php\/wp-json\/wp\/v2\/media?parent=244"}],"curies":[{"name":"wp","href":"https:\/\/api.w.org\/{rel}","templated":true}]}}