{"id":150,"date":"2024-06-04T17:08:31","date_gmt":"2024-06-04T15:08:31","guid":{"rendered":"https:\/\/compagnielaforetdor.fr\/?page_id=150"},"modified":"2025-11-22T14:00:51","modified_gmt":"2025-11-22T13:00:51","slug":"nos-stages","status":"publish","type":"page","link":"https:\/\/compagnielaforetdor.fr\/index.php\/accueil\/nos-stages\/","title":{"rendered":"NOS STAGES"},"content":{"rendered":"\n<div class=\"wp-block-cover alignfull\" style=\"min-height:884px;aspect-ratio:unset;\"><span aria-hidden=\"true\" class=\"wp-block-cover__background has-nv-light-bg-background-color has-background-dim-100 has-background-dim\"><\/span><div class=\"wp-block-cover__inner-container is-layout-flow wp-block-cover-is-layout-flow\">\n<div style=\"height:80px\" aria-hidden=\"true\" class=\"wp-block-spacer\"><\/div>\n\n\n\n<div class=\"wp-block-group\"><div class=\"wp-block-group__inner-container is-layout-flow wp-block-group-is-layout-flow\">\n<h2 class=\"wp-block-heading has-neve-text-color-color has-text-color has-link-color wp-elements-6b9ea02c53d172be72aca92166a4b1d5\">NOS STAGES<\/h2>\n\n\n\n<div class=\"wp-block-group\"><div class=\"wp-block-group__inner-container is-layout-constrained wp-block-group-is-layout-constrained\">\n<div style=\"height:55px\" aria-hidden=\"true\" class=\"wp-block-spacer\"><\/div>\n\n\n\n<h3 class=\"wp-block-heading has-neve-link-hover-color-color has-text-color has-link-color wp-elements-8de54f8d46eb7556684d64e876f5b7e7\">STAGE TH\u00c9\u00c2TRE \u00c0 VENIR <\/h3>\n<\/div><\/div>\n\n\n\n<div class=\"wp-block-columns are-vertically-aligned-center is-layout-flex wp-container-core-columns-is-layout-9d6595d7 wp-block-columns-is-layout-flex\">\n<div class=\"wp-block-column is-vertically-aligned-center is-layout-flow wp-block-column-is-layout-flow\" style=\"flex-basis:100%\">\n<p class=\"has-neve-link-color-color has-text-color has-link-color wp-elements-b00d7138cd245a4178aed2d1eee0ce0f\"><strong>AUCUN STAGE N&rsquo;EST PR\u00c9VU POUR LE MOEMENT. <\/strong><\/p>\n<\/div>\n<\/div>\n\n\n\n<h3 class=\"wp-block-heading has-neve-link-hover-color-color has-text-color has-link-color wp-elements-f61e3c7af22a032e1581414f5236c8b1\">STAGES PASS\u00c9S<\/h3>\n\n\n\n<div class=\"wp-block-cover\" style=\"padding-top:var(--wp--preset--spacing--50);padding-right:var(--wp--preset--spacing--50);padding-bottom:var(--wp--preset--spacing--50);padding-left:var(--wp--preset--spacing--50);min-height:260px;aspect-ratio:unset;\"><span aria-hidden=\"true\" class=\"wp-block-cover__background has-neve-link-color-background-color has-background-dim-100 has-background-dim\"><\/span><div class=\"wp-block-cover__inner-container is-layout-constrained wp-container-core-cover-is-layout-1c1b4f74 wp-block-cover-is-layout-constrained\">\n<div class=\"wp-block-columns is-layout-flex wp-container-core-columns-is-layout-9d6595d7 wp-block-columns-is-layout-flex\">\n<div class=\"wp-block-column is-layout-flow wp-block-column-is-layout-flow\">\n<h3 class=\"wp-block-heading\">LES 23, 24 ET 25 AVRIL<br>DE 10H \u00c0 12H<\/h3>\n<\/div>\n\n\n\n<div class=\"wp-block-column is-layout-flow wp-block-column-is-layout-flow\">\n<h4 class=\"wp-block-heading\">\u00c0 LA <strong><mark style=\"background-color:rgba(0, 0, 0, 0)\" class=\"has-inline-color has-neve-link-hover-color-color\">MAISON POUR TOUS GEORGES BRASSENS<\/mark><\/strong><br>PLACE JACQUES BREL, 34080 MONTPELLIER<br>Avec <mark style=\"background-color:rgba(0, 0, 0, 0)\" class=\"has-inline-color has-neve-link-hover-color-color\">Lucie JUGEL\u00c9<\/mark><\/h4>\n<\/div>\n<\/div>\n\n\n\n<h6 class=\"wp-block-heading\">Inscriptions aupr\u00e8s de la maison pour tous Georges Brassens ou au 04.48.18.62.06<\/h6>\n<\/div><\/div>\n\n\n\n<div style=\"height:50px\" aria-hidden=\"true\" class=\"wp-block-spacer\"><\/div>\n\n\n\n<div class=\"wp-block-cover\" style=\"padding-top:var(--wp--preset--spacing--50);padding-right:var(--wp--preset--spacing--50);padding-bottom:var(--wp--preset--spacing--50);padding-left:var(--wp--preset--spacing--50);min-height:260px;aspect-ratio:unset;\"><span aria-hidden=\"true\" class=\"wp-block-cover__background has-nv-site-bg-background-color has-background-dim-100 has-background-dim\"><\/span><div class=\"wp-block-cover__inner-container is-layout-constrained wp-container-core-cover-is-layout-1c1b4f74 wp-block-cover-is-layout-constrained\">\n<div style=\"height:0px\" aria-hidden=\"true\" class=\"wp-block-spacer\"><\/div>\n\n\n\n<div class=\"wp-block-columns is-layout-flex wp-container-core-columns-is-layout-9d6595d7 wp-block-columns-is-layout-flex\">\n<div class=\"wp-block-column is-layout-flow wp-block-column-is-layout-flow\">\n<h3 class=\"wp-block-heading has-neve-link-color-color has-text-color has-link-color wp-elements-b6c934b084faa39a1b2343fb9c502737\">LES 17, 18 ET 19 F\u00c9VRIER<br>DE 10H \u00c0 12H<\/h3>\n<\/div>\n\n\n\n<div class=\"wp-block-column is-layout-flow wp-block-column-is-layout-flow\">\n<h4 class=\"wp-block-heading has-neve-link-color-color has-text-color has-link-color wp-elements-2fa666b46ba709edabfb2b11a22ac245\">\u00c0 LA <strong><mark style=\"background-color:rgba(0, 0, 0, 0)\" class=\"has-inline-color has-neve-link-hover-color-color\">MAISON POUR TOUS GEORGES BRASSENS<\/mark><\/strong><br>PLACE JACQUES BREL, 34080 MONTPELLIER<br>Avec <mark style=\"background-color:rgba(0, 0, 0, 0)\" class=\"has-inline-color has-neve-link-hover-color-color\">Lucie JUGEL\u00c9<\/mark><\/h4>\n<\/div>\n<\/div>\n\n\n\n<h6 class=\"wp-block-heading has-neve-link-color-color has-text-color has-link-color wp-elements-a96fce2f975267693567395247f21d86\">Inscriptions aupr\u00e8s de la maison pour tous Georges Brassens ou au 04.48.18.62.06<\/h6>\n<\/div><\/div>\n\n\n\n<div style=\"height:50px\" aria-hidden=\"true\" class=\"wp-block-spacer\"><\/div>\n\n\n\n<div class=\"wp-block-columns is-layout-flex wp-container-core-columns-is-layout-9d6595d7 wp-block-columns-is-layout-flex\">\n<div class=\"wp-block-column is-layout-flow wp-block-column-is-layout-flow\"><div class=\"wp-block-image is-style-default\">\n<figure class=\"aligncenter size-large is-resized\"><img loading=\"lazy\" decoding=\"async\" width=\"1024\" height=\"1024\" src=\"https:\/\/compagnielaforetdor.fr\/wp-content\/uploads\/2024\/06\/StageLucie-1024x1024.png\" alt=\"Stage Th\u00e9\u00e2tre Avec Lucie Jugel\u00e9\" class=\"wp-image-164\" style=\"width:367px;height:auto\" srcset=\"https:\/\/compagnielaforetdor.fr\/wp-content\/uploads\/2024\/06\/StageLucie-1024x1024.png 1024w, https:\/\/compagnielaforetdor.fr\/wp-content\/uploads\/2024\/06\/StageLucie-300x300.png 300w, https:\/\/compagnielaforetdor.fr\/wp-content\/uploads\/2024\/06\/StageLucie-150x150.png 150w, https:\/\/compagnielaforetdor.fr\/wp-content\/uploads\/2024\/06\/StageLucie-768x768.png 768w, https:\/\/compagnielaforetdor.fr\/wp-content\/uploads\/2024\/06\/StageLucie.png 1080w\" sizes=\"auto, (max-width: 1024px) 100vw, 1024px\" \/><\/figure>\n<\/div>\n\n\n<div style=\"height:50px\" aria-hidden=\"true\" class=\"wp-block-spacer\"><\/div>\n\n\n\n<h3 class=\"wp-block-heading has-text-align-left has-neve-text-color-color has-text-color\">TH\u00c9\u00c2TRE<\/h3>\n\n\n\n<p class=\"has-neve-link-hover-color-color has-text-color has-link-color wp-elements-40eba1b08e38de752481e7e0d44f9a97\"><strong>Du 8 au 12 juillet 2024<\/strong><br>Dans ce stage les enfants, ados et adultes travaillent le l\u00e2cher-prise, les techniques vocale et d&rsquo;\u00e9locution, le corps, la pr\u00e9sence, l&rsquo;espace, la cr\u00e9ativit\u00e9 et l&rsquo;imagination, les intentions de jeu, les \u00e9motions, la m\u00e9moire et la concentration&#8230; <br>Les cours sont compos\u00e9s d&rsquo;exercices et de jeux collectifs, d&rsquo;improvisations, et de petites sc\u00e8nes travaill\u00e9es. <br>En fin de stage, les enfants et ados pourront pr\u00e9senter leur travail sous forme de cours ouvert.<\/p>\n\n\n\n<div class=\"wp-block-buttons is-layout-flex wp-block-buttons-is-layout-flex\">\n<div class=\"wp-block-button is-style-primary\"><a class=\"wp-block-button__link wp-element-button\" href=\"https:\/\/compagnielaforetdor.fr\/index.php\/lequipe-lucie-jugele\/\">En savoir plus sur Lucie JUGEL\u00c9<\/a><\/div>\n<\/div>\n<\/div>\n\n\n\n<div class=\"wp-block-column is-layout-flow wp-block-column-is-layout-flow\"><div class=\"wp-block-image is-style-default\">\n<figure class=\"aligncenter size-large\"><img loading=\"lazy\" decoding=\"async\" width=\"1024\" height=\"1024\" src=\"https:\/\/compagnielaforetdor.fr\/wp-content\/uploads\/2024\/06\/StageAslan-1024x1024.png\" alt=\"Stage Th\u00e9\u00e2tre Avec Asl\u00e2n Guiassa\" class=\"wp-image-167\" srcset=\"https:\/\/compagnielaforetdor.fr\/wp-content\/uploads\/2024\/06\/StageAslan-1024x1024.png 1024w, https:\/\/compagnielaforetdor.fr\/wp-content\/uploads\/2024\/06\/StageAslan-300x300.png 300w, https:\/\/compagnielaforetdor.fr\/wp-content\/uploads\/2024\/06\/StageAslan-150x150.png 150w, https:\/\/compagnielaforetdor.fr\/wp-content\/uploads\/2024\/06\/StageAslan-768x768.png 768w, https:\/\/compagnielaforetdor.fr\/wp-content\/uploads\/2024\/06\/StageAslan.png 1080w\" sizes=\"auto, (max-width: 1024px) 100vw, 1024px\" \/><\/figure>\n<\/div>\n\n\n<div style=\"height:50px\" aria-hidden=\"true\" class=\"wp-block-spacer\"><\/div>\n\n\n\n<h3 class=\"wp-block-heading has-text-align-left has-neve-text-color-color has-text-color\">TH\u00c9\u00c2TRE<\/h3>\n\n\n\n<p class=\"has-neve-link-hover-color-color has-text-color has-link-color wp-elements-4eb0ebd49ec4347cbb39bfe51d7f7929\"><strong>Du 19 au 23 ao\u00fbt 2024<\/strong><br>Dans ce stage les enfants, ados et adultes travaillent le l\u00e2cher-prise, les techniques vocale et d&rsquo;\u00e9locution, le corps, la pr\u00e9sence, l&rsquo;espace, la cr\u00e9ativit\u00e9 et l&rsquo;imagination, les intentions de jeu, les \u00e9motions, la m\u00e9moire et la concentration&#8230; <br>Les cours sont compos\u00e9s d&rsquo;exercices et de jeux collectifs, d&rsquo;improvisations, et de petites sc\u00e8nes travaill\u00e9es. <br>En fin de stage, les enfants et ados pourront pr\u00e9senter leur travail sous forme de cours ouvert.<\/p>\n\n\n\n<div class=\"wp-block-buttons is-layout-flex wp-block-buttons-is-layout-flex\">\n<div class=\"wp-block-button is-style-primary\"><a class=\"wp-block-button__link wp-element-button\" href=\"https:\/\/compagnielaforetdor.fr\/index.php\/lequipe-aslan-guiassa\/\">En savoir plus sur Asl\u00e2n GUIASSA<\/a><\/div>\n<\/div>\n<\/div>\n\n\n\n<div class=\"wp-block-column is-layout-flow wp-block-column-is-layout-flow\"><div class=\"wp-block-image is-style-default\">\n<figure class=\"aligncenter size-full is-resized\"><img loading=\"lazy\" decoding=\"async\" width=\"1080\" height=\"1080\" src=\"https:\/\/compagnielaforetdor.fr\/wp-content\/uploads\/2024\/06\/StageSolen-2.png\" alt=\"Stage Danse Contemporaine Avec Solen Drake\" class=\"wp-image-178\" style=\"width:367px;height:auto\" srcset=\"https:\/\/compagnielaforetdor.fr\/wp-content\/uploads\/2024\/06\/StageSolen-2.png 1080w, https:\/\/compagnielaforetdor.fr\/wp-content\/uploads\/2024\/06\/StageSolen-2-300x300.png 300w, https:\/\/compagnielaforetdor.fr\/wp-content\/uploads\/2024\/06\/StageSolen-2-1024x1024.png 1024w, https:\/\/compagnielaforetdor.fr\/wp-content\/uploads\/2024\/06\/StageSolen-2-150x150.png 150w, https:\/\/compagnielaforetdor.fr\/wp-content\/uploads\/2024\/06\/StageSolen-2-768x768.png 768w\" sizes=\"auto, (max-width: 1080px) 100vw, 1080px\" \/><\/figure>\n<\/div>\n\n\n<div style=\"height:50px\" aria-hidden=\"true\" class=\"wp-block-spacer\"><\/div>\n\n\n\n<h3 class=\"wp-block-heading has-text-align-left has-neve-text-color-color has-text-color\">DANSE CONTEMPORAINE<\/h3>\n\n\n\n<p class=\"has-neve-link-hover-color-color has-text-color has-link-color wp-elements-4c460bd4bf4cacdc359e6c7ca0145931\"><strong>Du 26 au 30 ao\u00fbt 2024<\/strong><br>Ce stage invite enfants, ados et adultes \u00e0 entrer dans la danse \u00e0 partir de fables, de r\u00e9cits, de sensations&#8230; par des exp\u00e9riences individuelles et collectives.&nbsp;<br>On commence par sentir le mouvement, investir le corps (ressenti du poids, de l\u2019espace, des volumes, de la respiration, de l\u2019imaginaire\u2026). Ensuite, on exp\u00e9rimente librement sous forme de jeux, en musique, on fait jaillir la pr\u00e9sence, la po\u00e9sie, le rire, la force et toutes ces \u00e9motions qui traversent un corps en mouvement.<\/p>\n\n\n\n<div class=\"wp-block-buttons is-layout-flex wp-block-buttons-is-layout-flex\"><\/div>\n<\/div>\n<\/div>\n<\/div><\/div>\n\n\n\n<div style=\"height:55px\" aria-hidden=\"true\" class=\"wp-block-spacer\"><\/div>\n<\/div><\/div>\n\n\n\n<p><\/p>\n","protected":false},"excerpt":{"rendered":"","protected":false},"author":1,"featured_media":0,"parent":9,"menu_order":0,"comment_status":"closed","ping_status":"closed","template":"","meta":{"neve_meta_sidebar":"default","neve_meta_container":"","neve_meta_enable_content_width":"on","neve_meta_content_width":100,"neve_meta_title_alignment":"","neve_meta_author_avatar":"","neve_post_elements_order":"","neve_meta_disable_header":"","neve_meta_disable_footer":"","neve_meta_disable_title":"on","footnotes":""},"class_list":["post-150","page","type-page","status-publish","hentry"],"_links":{"self":[{"href":"https:\/\/compagnielaforetdor.fr\/index.php\/wp-json\/wp\/v2\/pages\/150","targetHints":{"allow":["GET"]}}],"collection":[{"href":"https:\/\/compagnielaforetdor.fr\/index.php\/wp-json\/wp\/v2\/pages"}],"about":[{"href":"https:\/\/compagnielaforetdor.fr\/index.php\/wp-json\/wp\/v2\/types\/page"}],"author":[{"embeddable":true,"href":"https:\/\/compagnielaforetdor.fr\/index.php\/wp-json\/wp\/v2\/users\/1"}],"replies":[{"embeddable":true,"href":"https:\/\/compagnielaforetdor.fr\/index.php\/wp-json\/wp\/v2\/comments?post=150"}],"version-history":[{"count":42,"href":"https:\/\/compagnielaforetdor.fr\/index.php\/wp-json\/wp\/v2\/pages\/150\/revisions"}],"predecessor-version":[{"id":557,"href":"https:\/\/compagnielaforetdor.fr\/index.php\/wp-json\/wp\/v2\/pages\/150\/revisions\/557"}],"up":[{"embeddable":true,"href":"https:\/\/compagnielaforetdor.fr\/index.php\/wp-json\/wp\/v2\/pages\/9"}],"wp:attachment":[{"href":"https:\/\/compagnielaforetdor.fr\/index.php\/wp-json\/wp\/v2\/media?parent=150"}],"curies":[{"name":"wp","href":"https:\/\/api.w.org\/{rel}","templated":true}]}}