{"id":10,"date":"2024-03-26T19:13:47","date_gmt":"2024-03-26T18:13:47","guid":{"rendered":"https:\/\/compagnielaforetdor.fr\/?page_id=10"},"modified":"2025-04-14T15:25:23","modified_gmt":"2025-04-14T13:25:23","slug":"la-compagnie","status":"publish","type":"page","link":"https:\/\/compagnielaforetdor.fr\/index.php\/accueil\/la-compagnie\/","title":{"rendered":"LA COMPAGNIE"},"content":{"rendered":"\n<div class=\"wp-block-cover alignfull\" style=\"min-height:600px;aspect-ratio:unset;\"><span aria-hidden=\"true\" class=\"wp-block-cover__background has-nv-light-bg-background-color has-background-dim-100 has-background-dim\"><\/span><div class=\"wp-block-cover__inner-container is-layout-flow wp-block-cover-is-layout-flow\">\n<div class=\"wp-block-group\"><div class=\"wp-block-group__inner-container is-layout-flow wp-block-group-is-layout-flow\">\n<div style=\"height:80px\" aria-hidden=\"true\" class=\"wp-block-spacer\"><\/div>\n\n\n\n<div class=\"wp-block-columns is-layout-flex wp-container-core-columns-is-layout-9d6595d7 wp-block-columns-is-layout-flex\">\n<div class=\"wp-block-column is-vertically-aligned-bottom is-layout-flow wp-block-column-is-layout-flow\" style=\"flex-basis:50%\">\n<figure class=\"wp-block-image size-full is-resized size-large\"><img loading=\"lazy\" decoding=\"async\" width=\"2560\" height=\"2520\" src=\"http:\/\/compagnielaforetdor.fr\/wp-content\/uploads\/2024\/06\/CieLaForetDOr-LOGO_OK-scaled.jpg\" alt=\"Logo de la compagnie de th\u00e9\u00e2tre la for\u00eat d'or\" class=\"wp-image-317\" style=\"width:540px;height:auto\" srcset=\"https:\/\/compagnielaforetdor.fr\/wp-content\/uploads\/2024\/06\/CieLaForetDOr-LOGO_OK-scaled.jpg 2560w, https:\/\/compagnielaforetdor.fr\/wp-content\/uploads\/2024\/06\/CieLaForetDOr-LOGO_OK-300x295.jpg 300w, https:\/\/compagnielaforetdor.fr\/wp-content\/uploads\/2024\/06\/CieLaForetDOr-LOGO_OK-1024x1008.jpg 1024w, https:\/\/compagnielaforetdor.fr\/wp-content\/uploads\/2024\/06\/CieLaForetDOr-LOGO_OK-768x756.jpg 768w, https:\/\/compagnielaforetdor.fr\/wp-content\/uploads\/2024\/06\/CieLaForetDOr-LOGO_OK-1536x1512.jpg 1536w, https:\/\/compagnielaforetdor.fr\/wp-content\/uploads\/2024\/06\/CieLaForetDOr-LOGO_OK-2048x2016.jpg 2048w\" sizes=\"auto, (max-width: 2560px) 100vw, 2560px\" \/><\/figure>\n<\/div>\n\n\n\n<div class=\"wp-block-column is-vertically-aligned-center is-layout-flow wp-block-column-is-layout-flow\" style=\"flex-basis:50%\">\n<h2 class=\"wp-block-heading has-neve-text-color-color has-text-color\">LA COMPAGNIE<\/h2>\n\n\n\n<p class=\"has-neve-text-color-color has-text-color has-medium-font-size\">La compagnie <strong>La For\u00eat D\u2019Or<\/strong> est n\u00e9e en <strong>janvier 2023<\/strong> gr\u00e2ce \u00e0 des amiti\u00e9s sur lesquelles personne n\u2019aurait pari\u00e9.<\/p>\n\n\n\n<p class=\"has-neve-link-hover-color-color has-text-color has-link-color wp-elements-f4b79209681fe2bf4f138af001d1d871\">L\u2019\u00e9quipe artistique s\u2019est rencontr\u00e9e en juin 2022 autour du travail de fin d\u2019\u00e9tude de Th\u00e9odore Martin, au Cours Florent Montpellier. <strong>Th\u00e9odore ou R\u00eave<\/strong> \u00e9tait le premier spectacle de la compagnie, avant m\u00eame qu\u2019elle ne soit cr\u00e9\u00e9e. Un spectacle plein d\u2019humour, de po\u00e9sie et d\u2019ombres \u00e0<br>travers lesquels passe <strong>une lueur<\/strong> que l\u2019on peut appeler espoir, libert\u00e9, partage, amour ou enchantement.<\/p>\n\n\n\n<p class=\"has-neve-text-color-color has-text-color has-medium-font-size\"><strong>Cette lueur est la ligne directrice de la compagnie.<\/strong><\/p>\n\n\n\n<p class=\"has-neve-link-hover-color-color has-text-color has-link-color wp-elements-d2ff07a1961bb92e79696a0e591262db\">Dans ce monde sombre o\u00f9 les guerres font rage, o\u00f9 la peur gouverne, o\u00f9 l\u2019individualisme grandit, o\u00f9 l\u2019intol\u00e9rance, le jugement, la malveillance oppressent, o\u00f9 l\u2019humain et son absurdit\u00e9 est en voie d\u2019extinction; de nombreuses lumi\u00e8res existent. <strong>Tout en parlant de la r\u00e9alit\u00e9 de ce monde, la compagnie La For\u00eat D\u2019Or<\/strong>, \u00e0 l\u2019oppos\u00e9 de beaucoup de m\u00e9dias, <strong>attire l\u2019attention sur le positif qui nous fait vivre.<\/strong><\/p>\n<\/div>\n<\/div>\n\n\n\n<div style=\"height:40px\" aria-hidden=\"true\" class=\"wp-block-spacer\"><\/div>\n<\/div><\/div>\n\n\n\n<figure class=\"wp-block-image size-full\"><img loading=\"lazy\" decoding=\"async\" width=\"2560\" height=\"802\" src=\"https:\/\/compagnielaforetdor.fr\/wp-content\/uploads\/2024\/09\/DSC_0935-scaled-e1725701501675.jpg\" alt=\"Th\u00e9odore ou R\u00eave, septembre 2022.\" class=\"wp-image-337\" srcset=\"https:\/\/compagnielaforetdor.fr\/wp-content\/uploads\/2024\/09\/DSC_0935-scaled-e1725701501675.jpg 2560w, https:\/\/compagnielaforetdor.fr\/wp-content\/uploads\/2024\/09\/DSC_0935-scaled-e1725701501675-300x94.jpg 300w, https:\/\/compagnielaforetdor.fr\/wp-content\/uploads\/2024\/09\/DSC_0935-scaled-e1725701501675-1024x321.jpg 1024w, https:\/\/compagnielaforetdor.fr\/wp-content\/uploads\/2024\/09\/DSC_0935-scaled-e1725701501675-768x241.jpg 768w, https:\/\/compagnielaforetdor.fr\/wp-content\/uploads\/2024\/09\/DSC_0935-scaled-e1725701501675-1536x481.jpg 1536w, https:\/\/compagnielaforetdor.fr\/wp-content\/uploads\/2024\/09\/DSC_0935-scaled-e1725701501675-2048x642.jpg 2048w\" sizes=\"auto, (max-width: 2560px) 100vw, 2560px\" \/><\/figure>\n\n\n\n<div style=\"height:50px\" aria-hidden=\"true\" class=\"wp-block-spacer\"><\/div>\n<\/div><\/div>\n\n\n\n<div class=\"wp-block-cover alignfull\" style=\"min-height:980px;aspect-ratio:unset;\"><span aria-hidden=\"true\" class=\"wp-block-cover__background has-nv-site-bg-background-color has-background-dim-100 has-background-dim\"><\/span><div class=\"wp-block-cover__inner-container is-layout-flow wp-block-cover-is-layout-flow\">\n<div class=\"wp-block-group\"><div class=\"wp-block-group__inner-container is-layout-flow wp-block-group-is-layout-flow\">\n<div style=\"height:50px\" aria-hidden=\"true\" class=\"wp-block-spacer\"><\/div>\n\n\n\n<h2 class=\"wp-block-heading has-neve-text-color-color has-text-color has-link-color wp-elements-120f96694b874ac4d8ee5cf9770a38b1\">L&rsquo;\u00c9QUIPE<\/h2>\n\n\n\n<div class=\"wp-block-columns is-layout-flex wp-container-core-columns-is-layout-9d6595d7 wp-block-columns-is-layout-flex\">\n<div class=\"wp-block-column is-layout-flow wp-block-column-is-layout-flow\"><div class=\"wp-block-image is-style-default\">\n<figure class=\"aligncenter size-large\"><img loading=\"lazy\" decoding=\"async\" width=\"1024\" height=\"1024\" src=\"http:\/\/compagnielaforetdor.fr\/wp-content\/uploads\/2024\/03\/LucieJugele_Portrait_10-23-scaled-e1711645520490-1024x1024.jpg\" alt=\"\" class=\"wp-image-91\" style=\"aspect-ratio:1;object-fit:cover\" srcset=\"https:\/\/compagnielaforetdor.fr\/wp-content\/uploads\/2024\/03\/LucieJugele_Portrait_10-23-scaled-e1711645520490-1024x1024.jpg 1024w, https:\/\/compagnielaforetdor.fr\/wp-content\/uploads\/2024\/03\/LucieJugele_Portrait_10-23-scaled-e1711645520490-300x300.jpg 300w, https:\/\/compagnielaforetdor.fr\/wp-content\/uploads\/2024\/03\/LucieJugele_Portrait_10-23-scaled-e1711645520490-150x150.jpg 150w, https:\/\/compagnielaforetdor.fr\/wp-content\/uploads\/2024\/03\/LucieJugele_Portrait_10-23-scaled-e1711645520490-768x768.jpg 768w, https:\/\/compagnielaforetdor.fr\/wp-content\/uploads\/2024\/03\/LucieJugele_Portrait_10-23-scaled-e1711645520490-1536x1536.jpg 1536w, https:\/\/compagnielaforetdor.fr\/wp-content\/uploads\/2024\/03\/LucieJugele_Portrait_10-23-scaled-e1711645520490.jpg 1722w\" sizes=\"auto, (max-width: 1024px) 100vw, 1024px\" \/><\/figure>\n<\/div>\n\n\n<div style=\"height:24px\" aria-hidden=\"true\" class=\"wp-block-spacer\"><\/div>\n\n\n\n<div class=\"wp-block-buttons is-layout-flex wp-block-buttons-is-layout-flex\">\n<div class=\"wp-block-button has-custom-width wp-block-button__width-100 is-style-primary\"><a class=\"wp-block-button__link wp-element-button\" href=\"https:\/\/compagnielaforetdor.fr\/index.php\/lequipe-lucie-jugele\/\"><strong>Lucie JUGEL\u00c9<\/strong><\/a><\/div>\n<\/div>\n\n\n\n<div style=\"height:10px\" aria-hidden=\"true\" class=\"wp-block-spacer\"><\/div>\n\n\n\n<p class=\"has-text-align-center has-neve-text-color-color has-text-color\">Com\u00e9dienne \/ Metteur en sc\u00e8ne \/ Autrice \/ Professeure<\/p>\n\n\n\n<div style=\"height:10px\" aria-hidden=\"true\" class=\"wp-block-spacer\"><\/div>\n<\/div>\n\n\n\n<div class=\"wp-block-column is-layout-flow wp-block-column-is-layout-flow\"><div class=\"wp-block-image is-style-default\">\n<figure class=\"aligncenter size-full\"><img loading=\"lazy\" decoding=\"async\" width=\"590\" height=\"590\" src=\"http:\/\/compagnielaforetdor.fr\/wp-content\/uploads\/2025\/04\/Aslan-1-e1744637017123.jpg\" alt=\"Asl\u00e2n Guiassa\" class=\"wp-image-532\" style=\"aspect-ratio:1;object-fit:cover\" srcset=\"https:\/\/compagnielaforetdor.fr\/wp-content\/uploads\/2025\/04\/Aslan-1-e1744637017123.jpg 590w, https:\/\/compagnielaforetdor.fr\/wp-content\/uploads\/2025\/04\/Aslan-1-e1744637017123-300x300.jpg 300w, https:\/\/compagnielaforetdor.fr\/wp-content\/uploads\/2025\/04\/Aslan-1-e1744637017123-150x150.jpg 150w\" sizes=\"auto, (max-width: 590px) 100vw, 590px\" \/><\/figure>\n<\/div>\n\n\n<div style=\"height:24px\" aria-hidden=\"true\" class=\"wp-block-spacer\"><\/div>\n\n\n\n<div class=\"wp-block-buttons is-layout-flex wp-block-buttons-is-layout-flex\">\n<div class=\"wp-block-button has-custom-width wp-block-button__width-100 is-style-primary\"><a class=\"wp-block-button__link wp-element-button\" href=\"https:\/\/compagnielaforetdor.fr\/index.php\/lequipe-aslan-guiassa\/\"><strong>Asl\u00e2n GUIASSA<\/strong><\/a><\/div>\n<\/div>\n\n\n\n<div style=\"height:10px\" aria-hidden=\"true\" class=\"wp-block-spacer\"><\/div>\n\n\n\n<p class=\"has-text-align-center has-neve-text-color-color has-text-color\">Com\u00e9dien \/ Metteur en sc\u00e8ne \/ Musicien<\/p>\n\n\n\n<div style=\"height:10px\" aria-hidden=\"true\" class=\"wp-block-spacer\"><\/div>\n<\/div>\n<\/div>\n\n\n\n<div style=\"height:50px\" aria-hidden=\"true\" class=\"wp-block-spacer\"><\/div>\n<\/div><\/div>\n<\/div><\/div>\n\n\n\n<p><\/p>\n","protected":false},"excerpt":{"rendered":"","protected":false},"author":1,"featured_media":0,"parent":9,"menu_order":0,"comment_status":"closed","ping_status":"closed","template":"","meta":{"neve_meta_sidebar":"","neve_meta_container":"","neve_meta_enable_content_width":"on","neve_meta_content_width":100,"neve_meta_title_alignment":"","neve_meta_author_avatar":"","neve_post_elements_order":"","neve_meta_disable_header":"","neve_meta_disable_footer":"","neve_meta_disable_title":"on","footnotes":""},"class_list":["post-10","page","type-page","status-publish","hentry"],"_links":{"self":[{"href":"https:\/\/compagnielaforetdor.fr\/index.php\/wp-json\/wp\/v2\/pages\/10","targetHints":{"allow":["GET"]}}],"collection":[{"href":"https:\/\/compagnielaforetdor.fr\/index.php\/wp-json\/wp\/v2\/pages"}],"about":[{"href":"https:\/\/compagnielaforetdor.fr\/index.php\/wp-json\/wp\/v2\/types\/page"}],"author":[{"embeddable":true,"href":"https:\/\/compagnielaforetdor.fr\/index.php\/wp-json\/wp\/v2\/users\/1"}],"replies":[{"embeddable":true,"href":"https:\/\/compagnielaforetdor.fr\/index.php\/wp-json\/wp\/v2\/comments?post=10"}],"version-history":[{"count":37,"href":"https:\/\/compagnielaforetdor.fr\/index.php\/wp-json\/wp\/v2\/pages\/10\/revisions"}],"predecessor-version":[{"id":535,"href":"https:\/\/compagnielaforetdor.fr\/index.php\/wp-json\/wp\/v2\/pages\/10\/revisions\/535"}],"up":[{"embeddable":true,"href":"https:\/\/compagnielaforetdor.fr\/index.php\/wp-json\/wp\/v2\/pages\/9"}],"wp:attachment":[{"href":"https:\/\/compagnielaforetdor.fr\/index.php\/wp-json\/wp\/v2\/media?parent=10"}],"curies":[{"name":"wp","href":"https:\/\/api.w.org\/{rel}","templated":true}]}}